{"id":208,"date":"2019-12-13T15:47:07","date_gmt":"2019-12-13T15:47:07","guid":{"rendered":"https:\/\/tikkuparkki.fi\/?page_id=208"},"modified":"2025-05-19T04:58:08","modified_gmt":"2025-05-19T04:58:08","slug":"sopimuspysakointi","status":"publish","type":"page","link":"https:\/\/tikkuparkki.fi\/sv\/kontraktsparkering\/","title":{"rendered":"Kontraktparkering"},"content":{"rendered":"\t\t<div data-elementor-type=\"wp-page\" data-elementor-id=\"208\" class=\"elementor elementor-208\" data-elementor-post-type=\"page\">\n\t\t\t\t\t\t<section class=\"elementor-section elementor-top-section elementor-element elementor-element-439422d elementor-section-height-min-height elementor-section-boxed elementor-section-height-default elementor-section-items-middle\" data-id=\"439422d\" data-element_type=\"section\" data-e-type=\"section\" data-settings=\"{&quot;background_background&quot;:&quot;gradient&quot;}\">\n\t\t\t\t\t\t\t<div class=\"elementor-background-overlay\"><\/div>\n\t\t\t\t\t\t\t<div class=\"elementor-container elementor-column-gap-default\">\n\t\t\t\t\t<div class=\"elementor-column elementor-col-100 elementor-top-column elementor-element elementor-element-47ad9ce\" data-id=\"47ad9ce\" data-element_type=\"column\" data-e-type=\"column\">\n\t\t\t<div class=\"elementor-widget-wrap elementor-element-populated\">\n\t\t\t\t\t\t<div class=\"elementor-element elementor-element-99d7a93 elementor-invisible elementor-widget elementor-widget-text-editor\" data-id=\"99d7a93\" data-element_type=\"widget\" data-e-type=\"widget\" data-settings=\"{&quot;motion_fx_motion_fx_scrolling&quot;:&quot;yes&quot;,&quot;motion_fx_translateY_effect&quot;:&quot;yes&quot;,&quot;motion_fx_translateY_direction&quot;:&quot;negative&quot;,&quot;motion_fx_translateY_speed&quot;:{&quot;unit&quot;:&quot;px&quot;,&quot;size&quot;:2,&quot;sizes&quot;:[]},&quot;_animation&quot;:&quot;fadeIn&quot;,&quot;motion_fx_translateY_affectedRange&quot;:{&quot;unit&quot;:&quot;%&quot;,&quot;size&quot;:&quot;&quot;,&quot;sizes&quot;:{&quot;start&quot;:0,&quot;end&quot;:100}},&quot;motion_fx_devices&quot;:[&quot;desktop&quot;,&quot;laptop&quot;,&quot;tablet&quot;,&quot;mobile&quot;]}\" data-widget_type=\"text-editor.default\">\n\t\t\t\t<div class=\"elementor-widget-container\">\n\t\t\t\t\t\t\t\t\t<h1 style=\"font-weight: 900;\">Sopimus&shy;pys\u00e4k\u00f6inti<\/h1>\t\t\t\t\t\t\t\t<\/div>\n\t\t\t\t<\/div>\n\t\t\t\t\t<\/div>\n\t\t<\/div>\n\t\t\t\t\t<\/div>\n\t\t<\/section>\n\t\t\t\t<section class=\"elementor-section elementor-top-section elementor-element elementor-element-e0c77ee elementor-section-boxed elementor-section-height-default elementor-section-height-default\" data-id=\"e0c77ee\" data-element_type=\"section\" data-e-type=\"section\">\n\t\t\t\t\t\t<div class=\"elementor-container elementor-column-gap-default\">\n\t\t\t\t\t<div class=\"elementor-column elementor-col-100 elementor-top-column elementor-element elementor-element-b38fb6b\" data-id=\"b38fb6b\" data-element_type=\"column\" data-e-type=\"column\">\n\t\t\t<div class=\"elementor-widget-wrap elementor-element-populated\">\n\t\t\t\t\t\t<div class=\"elementor-element elementor-element-cf2ac33 elementor-widget elementor-widget-text-editor\" data-id=\"cf2ac33\" data-element_type=\"widget\" data-e-type=\"widget\" data-widget_type=\"text-editor.default\">\n\t\t\t\t<div class=\"elementor-widget-container\">\n\t\t\t\t\t\t\t\t\t<p>Tikkuparkissa voit pys\u00e4k\u00f6id\u00e4 edullisesti my\u00f6s sopimuspys\u00e4k\u00f6innill\u00e4. T\u00e4m\u00e4 ymp\u00e4ri vuoden l\u00e4mpim\u00e4n\u00e4<br \/>oleva pys\u00e4k\u00f6intitila on erinomainen vaihtoehto esim. taloyhti\u00f6n kadunvarsipys\u00e4k\u00f6innille.<\/p>\t\t\t\t\t\t\t\t<\/div>\n\t\t\t\t<\/div>\n\t\t\t\t\t<\/div>\n\t\t<\/div>\n\t\t\t\t\t<\/div>\n\t\t<\/section>\n\t\t\t\t<section class=\"elementor-section elementor-top-section elementor-element elementor-element-4f06811 elementor-section-boxed elementor-section-height-default elementor-section-height-default\" data-id=\"4f06811\" data-element_type=\"section\" data-e-type=\"section\">\n\t\t\t\t\t\t<div class=\"elementor-container elementor-column-gap-default\">\n\t\t\t\t\t<div class=\"elementor-column elementor-col-50 elementor-top-column elementor-element elementor-element-874711e\" data-id=\"874711e\" data-element_type=\"column\" data-e-type=\"column\">\n\t\t\t<div class=\"elementor-widget-wrap elementor-element-populated\">\n\t\t\t\t\t\t<div class=\"elementor-element elementor-element-e7cbd85 elementor-widget elementor-widget-heading\" data-id=\"e7cbd85\" data-element_type=\"widget\" data-e-type=\"widget\" data-widget_type=\"heading.default\">\n\t\t\t\t<div class=\"elementor-widget-container\">\n\t\t\t\t\t<h2 class=\"elementor-heading-title elementor-size-default\">Sopimuspys\u00e4k\u00f6innin hinta<\/h2>\t\t\t\t<\/div>\n\t\t\t\t<\/div>\n\t\t\t\t<div class=\"elementor-element elementor-element-ea59fb1 elementor-widget elementor-widget-text-editor\" data-id=\"ea59fb1\" data-element_type=\"widget\" data-e-type=\"widget\" data-widget_type=\"text-editor.default\">\n\t\t\t\t<div class=\"elementor-widget-container\">\n\t\t\t\t\t\t\t\t\t<p><strong>Pys\u00e4k\u00f6intioikeuden hinta on 100,00 \u20ac \/ kk (sis\u00e4lt\u00e4en arvonlis\u00e4veron).<\/strong><\/p><p>Jalankulkuovet aukeavat autosi rekisteritunnuksella<\/p>\t\t\t\t\t\t\t\t<\/div>\n\t\t\t\t<\/div>\n\t\t\t\t<div class=\"elementor-element elementor-element-034efb6 elementor-widget elementor-widget-heading\" data-id=\"034efb6\" data-element_type=\"widget\" data-e-type=\"widget\" data-widget_type=\"heading.default\">\n\t\t\t\t<div class=\"elementor-widget-container\">\n\t\t\t\t\t<h2 class=\"elementor-heading-title elementor-size-default\">Laskutus<\/h2>\t\t\t\t<\/div>\n\t\t\t\t<\/div>\n\t\t\t\t<div class=\"elementor-element elementor-element-594f9cf elementor-widget elementor-widget-text-editor\" data-id=\"594f9cf\" data-element_type=\"widget\" data-e-type=\"widget\" data-widget_type=\"text-editor.default\">\n\t\t\t\t<div class=\"elementor-widget-container\">\n\t\t\t\t\t\t\t\t\t<p>Sopimuspys\u00e4k\u00f6innin laskutusta koskevissa asioissa, ota yhteys<\/p><p>S\u00e4hk\u00f6posti: <a href=\"mailto:pysakointilaskutus@vantaa.fi\">pysakointilaskutus@vantaa.fi<\/a><br \/>Puhelimitse <a href=\"tel:+358503045138\">0503045138<\/a>\u00a0 (Martyna Rantanen).<\/p>\t\t\t\t\t\t\t\t<\/div>\n\t\t\t\t<\/div>\n\t\t\t\t\t<\/div>\n\t\t<\/div>\n\t\t\t\t<div class=\"elementor-column elementor-col-50 elementor-top-column elementor-element elementor-element-f00d34a\" data-id=\"f00d34a\" data-element_type=\"column\" data-e-type=\"column\">\n\t\t\t<div class=\"elementor-widget-wrap elementor-element-populated\">\n\t\t\t\t\t\t<div class=\"elementor-element elementor-element-b74af28 elementor-widget elementor-widget-heading\" data-id=\"b74af28\" data-element_type=\"widget\" data-e-type=\"widget\" data-widget_type=\"heading.default\">\n\t\t\t\t<div class=\"elementor-widget-container\">\n\t\t\t\t\t<h2 class=\"elementor-heading-title elementor-size-default\">Kulku pys\u00e4k\u00f6intitaloon<\/h2>\t\t\t\t<\/div>\n\t\t\t\t<\/div>\n\t\t\t\t<div class=\"elementor-element elementor-element-48e330c elementor-widget elementor-widget-text-editor\" data-id=\"48e330c\" data-element_type=\"widget\" data-e-type=\"widget\" data-widget_type=\"text-editor.default\">\n\t\t\t\t<div class=\"elementor-widget-container\">\n\t\t\t\t\t\t\t\t\t<p>K\u00e4ynti pitk\u00e4aikaiseen pys\u00e4k\u00f6intiin pys\u00e4k\u00f6intitaloon tapahtuu 24\/7 auton rekisterinumerolla Tikkurilanpuiston portaasta Tikkurilan torin pohjoispuolelta sek\u00e4 os. Tikkurilantori 1 (Asematie 5) ja M\u00e4nnist\u00f6npolku 3 (Germanianpolun ja M\u00e4nnist\u00f6npolun kulmauksessa)<\/p>\t\t\t\t\t\t\t\t<\/div>\n\t\t\t\t<\/div>\n\t\t\t\t<div class=\"elementor-element elementor-element-4114ffb elementor-widget elementor-widget-heading\" data-id=\"4114ffb\" data-element_type=\"widget\" data-e-type=\"widget\" data-widget_type=\"heading.default\">\n\t\t\t\t<div class=\"elementor-widget-container\">\n\t\t\t\t\t<h2 class=\"elementor-heading-title elementor-size-default\">Lis\u00e4tiedot<\/h2>\t\t\t\t<\/div>\n\t\t\t\t<\/div>\n\t\t\t\t<div class=\"elementor-element elementor-element-0fabc19 elementor-widget elementor-widget-text-editor\" data-id=\"0fabc19\" data-element_type=\"widget\" data-e-type=\"widget\" data-widget_type=\"text-editor.default\">\n\t\t\t\t<div class=\"elementor-widget-container\">\n\t\t\t\t\t\t\t\t\t<p>Lis\u00e4tietoja sopimuspys\u00e4k\u00f6innist\u00e4 voi kysy\u00e4 s\u00e4hk\u00f6postilla: <a href=\"mailto:sopimus@pysakointihallinta.fi\" target=\"_blank\" rel=\"noopener\">sopimus@pysakointihallinta.fi<\/a> tai soittamalla asiakaspalvelunumeroon<br \/><a href=\"tel: 050\u00a0408 4855\">050 408 4855<\/a> ark. 08.00\u201316.00.<\/p>\t\t\t\t\t\t\t\t<\/div>\n\t\t\t\t<\/div>\n\t\t\t\t\t<\/div>\n\t\t<\/div>\n\t\t\t\t\t<\/div>\n\t\t<\/section>\n\t\t\t\t<section class=\"elementor-section elementor-top-section elementor-element elementor-element-990da4b elementor-section-full_width animated-slow elementor-section-height-default elementor-section-height-default elementor-invisible\" data-id=\"990da4b\" data-element_type=\"section\" data-e-type=\"section\" data-settings=\"{&quot;animation&quot;:&quot;fadeIn&quot;}\">\n\t\t\t\t\t\t<div class=\"elementor-container elementor-column-gap-default\">\n\t\t\t\t\t<div class=\"elementor-column elementor-col-100 elementor-top-column elementor-element elementor-element-f80d7e8\" data-id=\"f80d7e8\" data-element_type=\"column\" data-e-type=\"column\">\n\t\t\t<div class=\"elementor-widget-wrap elementor-element-populated\">\n\t\t\t\t\t\t<section class=\"elementor-section elementor-inner-section elementor-element elementor-element-95d04de elementor-section-boxed elementor-section-height-default elementor-section-height-default\" data-id=\"95d04de\" data-element_type=\"section\" data-e-type=\"section\">\n\t\t\t\t\t\t<div class=\"elementor-container elementor-column-gap-default\">\n\t\t\t\t\t<div class=\"elementor-column elementor-col-100 elementor-inner-column elementor-element elementor-element-84e93bd\" data-id=\"84e93bd\" data-element_type=\"column\" data-e-type=\"column\" data-settings=\"{&quot;background_background&quot;:&quot;classic&quot;}\">\n\t\t\t<div class=\"elementor-widget-wrap elementor-element-populated\">\n\t\t\t\t\t\t<div class=\"elementor-element elementor-element-ad29617 elementor-widget elementor-widget-heading\" data-id=\"ad29617\" data-element_type=\"widget\" data-e-type=\"widget\" data-widget_type=\"heading.default\">\n\t\t\t\t<div class=\"elementor-widget-container\">\n\t\t\t\t\t<h2 class=\"elementor-heading-title elementor-size-default\">Kiinnostaako sopimuspys\u00e4k\u00f6inti?<\/h2>\t\t\t\t<\/div>\n\t\t\t\t<\/div>\n\t\t\t\t<div class=\"elementor-element elementor-element-efe19b8 elementor-widget elementor-widget-text-editor\" data-id=\"efe19b8\" data-element_type=\"widget\" data-e-type=\"widget\" data-widget_type=\"text-editor.default\">\n\t\t\t\t<div class=\"elementor-widget-container\">\n\t\t\t\t\t\t\t\t\t<p>Tulosta ja t\u00e4yt\u00e4 oheinen hakemus. L\u00e4het\u00e4 allekirjoitettu hakemus s\u00e4hk\u00f6postin liitteen\u00e4 osoitteeseen <a href=\"mailto:pysakointilaskutus@vantaa.fi\">pysakointilaskutus@vantaa.fi<\/a><\/p><p>Uusien sopimusten k\u00e4sittelyaika on noin viisi (5) vuorokautta<\/p>\t\t\t\t\t\t\t\t<\/div>\n\t\t\t\t<\/div>\n\t\t\t\t<div class=\"elementor-element elementor-element-58b6483 elementor-align-center elementor-widget elementor-widget-button\" data-id=\"58b6483\" data-element_type=\"widget\" data-e-type=\"widget\" data-widget_type=\"button.default\">\n\t\t\t\t<div class=\"elementor-widget-container\">\n\t\t\t\t\t\t\t\t\t<div class=\"elementor-button-wrapper\">\n\t\t\t\t\t<a class=\"elementor-button elementor-button-link elementor-size-md\" href=\"https:\/\/tikkuparkki.fi\/wp-content\/uploads\/2024\/11\/Tikkuparkki_Sopimus_pysakointioikeudesta_lomake_11_24-2.pdf\" target=\"_blank\">\n\t\t\t\t\t\t<span class=\"elementor-button-content-wrapper\">\n\t\t\t\t\t\t\t\t\t<span class=\"elementor-button-text\">Avaa sopimus<\/span>\n\t\t\t\t\t<\/span>\n\t\t\t\t\t<\/a>\n\t\t\t\t<\/div>\n\t\t\t\t\t\t\t\t<\/div>\n\t\t\t\t<\/div>\n\t\t\t\t<div class=\"elementor-element elementor-element-04d542b elementor-widget-divider--view-line elementor-widget elementor-widget-divider\" data-id=\"04d542b\" data-element_type=\"widget\" data-e-type=\"widget\" data-widget_type=\"divider.default\">\n\t\t\t\t<div class=\"elementor-widget-container\">\n\t\t\t\t\t\t\t<div class=\"elementor-divider\">\n\t\t\t<span class=\"elementor-divider-separator\">\n\t\t\t\t\t\t<\/span>\n\t\t<\/div>\n\t\t\t\t\t\t<\/div>\n\t\t\t\t<\/div>\n\t\t\t\t<div class=\"elementor-element elementor-element-0a1a7d6 elementor-widget elementor-widget-text-editor\" data-id=\"0a1a7d6\" data-element_type=\"widget\" data-e-type=\"widget\" data-widget_type=\"text-editor.default\">\n\t\t\t\t<div class=\"elementor-widget-container\">\n\t\t\t\t\t\t\t\t\tAvaa sopimuspys\u00e4k\u00f6innin irtisanomislomake <a href=\"https:\/\/tikkuparkki.fi\/wp-content\/uploads\/2022\/09\/Tikkuparkki-sopimuksen-irtisanominen-taytettava.pdf\" target=\"_blank\" rel=\"noopener\">t\u00e4st\u00e4<\/a>.\t\t\t\t\t\t\t\t<\/div>\n\t\t\t\t<\/div>\n\t\t\t\t<div class=\"elementor-element elementor-element-bd8769c elementor-align-center elementor-widget elementor-widget-button\" data-id=\"bd8769c\" data-element_type=\"widget\" data-e-type=\"widget\" data-widget_type=\"button.default\">\n\t\t\t\t<div class=\"elementor-widget-container\">\n\t\t\t\t\t\t\t\t\t<div class=\"elementor-button-wrapper\">\n\t\t\t\t\t<a class=\"elementor-button elementor-button-link elementor-size-md\" href=\"https:\/\/tikkuparkki.fi\/wp-content\/uploads\/2024\/01\/Tikkuparkki_Irtisanomisilmoitus_lomake_SAMPLE1.pdf\" target=\"_blank\">\n\t\t\t\t\t\t<span class=\"elementor-button-content-wrapper\">\n\t\t\t\t\t\t\t\t\t<span class=\"elementor-button-text\">Irtisanomislomake<\/span>\n\t\t\t\t\t<\/span>\n\t\t\t\t\t<\/a>\n\t\t\t\t<\/div>\n\t\t\t\t\t\t\t\t<\/div>\n\t\t\t\t<\/div>\n\t\t\t\t\t<\/div>\n\t\t<\/div>\n\t\t\t\t\t<\/div>\n\t\t<\/section>\n\t\t\t\t\t<\/div>\n\t\t<\/div>\n\t\t\t\t\t<\/div>\n\t\t<\/section>\n\t\t\t\t<\/div>\n\t\t","protected":false},"excerpt":{"rendered":"<p>Sopimus&shy;pys\u00e4k\u00f6inti Tikkuparkissa voit pys\u00e4k\u00f6id\u00e4 edullisesti my\u00f6s sopimuspys\u00e4k\u00f6innill\u00e4. T\u00e4m\u00e4 ymp\u00e4ri vuoden l\u00e4mpim\u00e4n\u00e4oleva pys\u00e4k\u00f6intitila on erinomainen vaihtoehto esim. taloyhti\u00f6n kadunvarsipys\u00e4k\u00f6innille. Sopimuspys\u00e4k\u00f6innin hinta Pys\u00e4k\u00f6intioikeuden hinta on 100,00 \u20ac \/ kk (sis\u00e4lt\u00e4en arvonlis\u00e4veron). Jalankulkuovet aukeavat autosi rekisteritunnuksella Laskutus Sopimuspys\u00e4k\u00f6innin laskutusta koskevissa asioissa, ota yhteys S\u00e4hk\u00f6posti: pysakointilaskutus@vantaa.fiPuhelimitse 0503045138\u00a0 (Martyna Rantanen). Kulku pys\u00e4k\u00f6intitaloon K\u00e4ynti pitk\u00e4aikaiseen pys\u00e4k\u00f6intiin pys\u00e4k\u00f6intitaloon tapahtuu 24\/7 auton rekisterinumerolla [&hellip;]<\/p>\n","protected":false},"author":4,"featured_media":0,"parent":0,"menu_order":0,"comment_status":"closed","ping_status":"closed","template":"","meta":{"footnotes":""},"class_list":["post-208","page","type-page","status-publish","hentry"],"yoast_head":"<!-- This site is optimized with the Yoast SEO plugin v27.3 - https:\/\/yoast.com\/product\/yoast-seo-wordpress\/ -->\n<title>Sopimuspys\u00e4k\u00f6inti Tikkurila<\/title>\n<meta name=\"description\" content=\"Sopimuspys\u00e4k\u00f6inti Tikkuparkissa on edullinen ja mukava vaihtoehto taloyhti\u00f6n parkkipaikalle. Katso hinnat ja ota yhteytt\u00e4.\" \/>\n<meta name=\"robots\" content=\"index, follow, max-snippet:-1, max-image-preview:large, max-video-preview:-1\" \/>\n<link rel=\"canonical\" href=\"https:\/\/tikkuparkki.fi\/sv\/sopimuspysakointi\/\" \/>\n<meta property=\"og:locale\" content=\"sv_SE\" \/>\n<meta property=\"og:type\" content=\"article\" \/>\n<meta property=\"og:title\" content=\"Sopimuspys\u00e4k\u00f6inti Tikkurila\" \/>\n<meta property=\"og:description\" content=\"Sopimuspys\u00e4k\u00f6inti Tikkuparkissa on edullinen ja mukava vaihtoehto taloyhti\u00f6n parkkipaikalle. Katso hinnat ja ota yhteytt\u00e4.\" \/>\n<meta property=\"og:url\" content=\"https:\/\/tikkuparkki.fi\/sv\/sopimuspysakointi\/\" \/>\n<meta property=\"og:site_name\" content=\"Tikkuparkki\" \/>\n<meta property=\"article:modified_time\" content=\"2025-05-19T04:58:08+00:00\" \/>\n<meta property=\"og:image\" content=\"https:\/\/tikkuparkki.fi\/wp-content\/uploads\/2019\/12\/tikkuparkki-sisaankaynti.jpg\" \/>\n\t<meta property=\"og:image:width\" content=\"880\" \/>\n\t<meta property=\"og:image:height\" content=\"581\" \/>\n\t<meta property=\"og:image:type\" content=\"image\/jpeg\" \/>\n<meta name=\"twitter:card\" content=\"summary_large_image\" \/>\n<meta name=\"twitter:label1\" content=\"Ber\u00e4knad l\u00e4stid\" \/>\n\t<meta name=\"twitter:data1\" content=\"1 minut\" \/>\n<script type=\"application\/ld+json\" class=\"yoast-schema-graph\">{\"@context\":\"https:\\\/\\\/schema.org\",\"@graph\":[{\"@type\":\"WebPage\",\"@id\":\"https:\\\/\\\/tikkuparkki.fi\\\/sopimuspysakointi\\\/\",\"url\":\"https:\\\/\\\/tikkuparkki.fi\\\/sopimuspysakointi\\\/\",\"name\":\"Sopimuspys\u00e4k\u00f6inti Tikkurila\",\"isPartOf\":{\"@id\":\"https:\\\/\\\/tikkuparkki.fi\\\/#website\"},\"datePublished\":\"2019-12-13T15:47:07+00:00\",\"dateModified\":\"2025-05-19T04:58:08+00:00\",\"description\":\"Sopimuspys\u00e4k\u00f6inti Tikkuparkissa on edullinen ja mukava vaihtoehto taloyhti\u00f6n parkkipaikalle. Katso hinnat ja ota yhteytt\u00e4.\",\"breadcrumb\":{\"@id\":\"https:\\\/\\\/tikkuparkki.fi\\\/sopimuspysakointi\\\/#breadcrumb\"},\"inLanguage\":\"sv-SE\",\"potentialAction\":[{\"@type\":\"ReadAction\",\"target\":[\"https:\\\/\\\/tikkuparkki.fi\\\/sopimuspysakointi\\\/\"]}]},{\"@type\":\"BreadcrumbList\",\"@id\":\"https:\\\/\\\/tikkuparkki.fi\\\/sopimuspysakointi\\\/#breadcrumb\",\"itemListElement\":[{\"@type\":\"ListItem\",\"position\":1,\"name\":\"Home\",\"item\":\"https:\\\/\\\/tikkuparkki.fi\\\/\"},{\"@type\":\"ListItem\",\"position\":2,\"name\":\"Sopimuspys\u00e4k\u00f6inti\"}]},{\"@type\":\"WebSite\",\"@id\":\"https:\\\/\\\/tikkuparkki.fi\\\/#website\",\"url\":\"https:\\\/\\\/tikkuparkki.fi\\\/\",\"name\":\"Tikkuparkki\",\"description\":\"\",\"publisher\":{\"@id\":\"https:\\\/\\\/tikkuparkki.fi\\\/#organization\"},\"potentialAction\":[{\"@type\":\"SearchAction\",\"target\":{\"@type\":\"EntryPoint\",\"urlTemplate\":\"https:\\\/\\\/tikkuparkki.fi\\\/?s={search_term_string}\"},\"query-input\":{\"@type\":\"PropertyValueSpecification\",\"valueRequired\":true,\"valueName\":\"search_term_string\"}}],\"inLanguage\":\"sv-SE\"},{\"@type\":\"Organization\",\"@id\":\"https:\\\/\\\/tikkuparkki.fi\\\/#organization\",\"name\":\"Tikkuparkki\",\"url\":\"https:\\\/\\\/tikkuparkki.fi\\\/\",\"logo\":{\"@type\":\"ImageObject\",\"inLanguage\":\"sv-SE\",\"@id\":\"https:\\\/\\\/tikkuparkki.fi\\\/#\\\/schema\\\/logo\\\/image\\\/\",\"url\":\"https:\\\/\\\/tikkuparkki.fi\\\/wp-content\\\/uploads\\\/2019\\\/12\\\/Tikkuparkki-logo.svg\",\"contentUrl\":\"https:\\\/\\\/tikkuparkki.fi\\\/wp-content\\\/uploads\\\/2019\\\/12\\\/Tikkuparkki-logo.svg\",\"width\":112,\"height\":49,\"caption\":\"Tikkuparkki\"},\"image\":{\"@id\":\"https:\\\/\\\/tikkuparkki.fi\\\/#\\\/schema\\\/logo\\\/image\\\/\"}}]}<\/script>\n<!-- \/ Yoast SEO plugin. -->","yoast_head_json":{"title":"Kontraktsparkering Dickursby","description":"Sopimuspys\u00e4k\u00f6inti Tikkuparkissa on edullinen ja mukava vaihtoehto taloyhti\u00f6n parkkipaikalle. Katso hinnat ja ota yhteytt\u00e4.","robots":{"index":"index","follow":"follow","max-snippet":"max-snippet:-1","max-image-preview":"max-image-preview:large","max-video-preview":"max-video-preview:-1"},"canonical":"https:\/\/tikkuparkki.fi\/sv\/sopimuspysakointi\/","og_locale":"sv_SE","og_type":"article","og_title":"Sopimuspys\u00e4k\u00f6inti Tikkurila","og_description":"Sopimuspys\u00e4k\u00f6inti Tikkuparkissa on edullinen ja mukava vaihtoehto taloyhti\u00f6n parkkipaikalle. Katso hinnat ja ota yhteytt\u00e4.","og_url":"https:\/\/tikkuparkki.fi\/sv\/sopimuspysakointi\/","og_site_name":"Tikkuparkki","article_modified_time":"2025-05-19T04:58:08+00:00","og_image":[{"width":880,"height":581,"url":"https:\/\/tikkuparkki.fi\/wp-content\/uploads\/2019\/12\/tikkuparkki-sisaankaynti.jpg","type":"image\/jpeg"}],"twitter_card":"summary_large_image","twitter_misc":{"Ber\u00e4knad l\u00e4stid":"1 minut"},"schema":{"@context":"https:\/\/schema.org","@graph":[{"@type":"WebPage","@id":"https:\/\/tikkuparkki.fi\/sopimuspysakointi\/","url":"https:\/\/tikkuparkki.fi\/sopimuspysakointi\/","name":"Kontraktsparkering Dickursby","isPartOf":{"@id":"https:\/\/tikkuparkki.fi\/#website"},"datePublished":"2019-12-13T15:47:07+00:00","dateModified":"2025-05-19T04:58:08+00:00","description":"Sopimuspys\u00e4k\u00f6inti Tikkuparkissa on edullinen ja mukava vaihtoehto taloyhti\u00f6n parkkipaikalle. Katso hinnat ja ota yhteytt\u00e4.","breadcrumb":{"@id":"https:\/\/tikkuparkki.fi\/sopimuspysakointi\/#breadcrumb"},"inLanguage":"sv-SE","potentialAction":[{"@type":"ReadAction","target":["https:\/\/tikkuparkki.fi\/sopimuspysakointi\/"]}]},{"@type":"BreadcrumbList","@id":"https:\/\/tikkuparkki.fi\/sopimuspysakointi\/#breadcrumb","itemListElement":[{"@type":"ListItem","position":1,"name":"Home","item":"https:\/\/tikkuparkki.fi\/"},{"@type":"ListItem","position":2,"name":"Sopimuspys\u00e4k\u00f6inti"}]},{"@type":"WebSite","@id":"https:\/\/tikkuparkki.fi\/#website","url":"https:\/\/tikkuparkki.fi\/","name":"Tikkuparkki","description":"","publisher":{"@id":"https:\/\/tikkuparkki.fi\/#organization"},"potentialAction":[{"@type":"SearchAction","target":{"@type":"EntryPoint","urlTemplate":"https:\/\/tikkuparkki.fi\/?s={search_term_string}"},"query-input":{"@type":"PropertyValueSpecification","valueRequired":true,"valueName":"search_term_string"}}],"inLanguage":"sv-SE"},{"@type":"Organization","@id":"https:\/\/tikkuparkki.fi\/#organization","name":"Tikkuparkki","url":"https:\/\/tikkuparkki.fi\/","logo":{"@type":"ImageObject","inLanguage":"sv-SE","@id":"https:\/\/tikkuparkki.fi\/#\/schema\/logo\/image\/","url":"https:\/\/tikkuparkki.fi\/wp-content\/uploads\/2019\/12\/Tikkuparkki-logo.svg","contentUrl":"https:\/\/tikkuparkki.fi\/wp-content\/uploads\/2019\/12\/Tikkuparkki-logo.svg","width":112,"height":49,"caption":"Tikkuparkki"},"image":{"@id":"https:\/\/tikkuparkki.fi\/#\/schema\/logo\/image\/"}}]}},"_links":{"self":[{"href":"https:\/\/tikkuparkki.fi\/sv\/wp-json\/wp\/v2\/pages\/208","targetHints":{"allow":["GET"]}}],"collection":[{"href":"https:\/\/tikkuparkki.fi\/sv\/wp-json\/wp\/v2\/pages"}],"about":[{"href":"https:\/\/tikkuparkki.fi\/sv\/wp-json\/wp\/v2\/types\/page"}],"author":[{"embeddable":true,"href":"https:\/\/tikkuparkki.fi\/sv\/wp-json\/wp\/v2\/users\/4"}],"replies":[{"embeddable":true,"href":"https:\/\/tikkuparkki.fi\/sv\/wp-json\/wp\/v2\/comments?post=208"}],"version-history":[{"count":39,"href":"https:\/\/tikkuparkki.fi\/sv\/wp-json\/wp\/v2\/pages\/208\/revisions"}],"predecessor-version":[{"id":1300,"href":"https:\/\/tikkuparkki.fi\/sv\/wp-json\/wp\/v2\/pages\/208\/revisions\/1300"}],"wp:attachment":[{"href":"https:\/\/tikkuparkki.fi\/sv\/wp-json\/wp\/v2\/media?parent=208"}],"curies":[{"name":"wp","href":"https:\/\/api.w.org\/{rel}","templated":true}]}}