{"id":707,"date":"2022-01-28T09:37:18","date_gmt":"2022-01-28T09:37:18","guid":{"rendered":"https:\/\/tikkuparkki.fi\/?page_id=707"},"modified":"2022-02-04T06:53:54","modified_gmt":"2022-02-04T06:53:54","slug":"autopesu","status":"publish","type":"page","link":"https:\/\/tikkuparkki.fi\/en\/car-wash\/","title":{"rendered":"Car wash"},"content":{"rendered":"\t\t<div data-elementor-type=\"wp-page\" data-elementor-id=\"707\" class=\"elementor elementor-707\" data-elementor-post-type=\"page\">\n\t\t\t\t\t\t<section class=\"elementor-section elementor-top-section elementor-element elementor-element-6db1fa7 elementor-section-height-min-height elementor-section-boxed elementor-section-height-default elementor-section-items-middle\" data-id=\"6db1fa7\" data-element_type=\"section\" data-e-type=\"section\" data-settings=\"{&quot;background_background&quot;:&quot;gradient&quot;}\">\n\t\t\t\t\t\t\t<div class=\"elementor-background-overlay\"><\/div>\n\t\t\t\t\t\t\t<div class=\"elementor-container elementor-column-gap-default\">\n\t\t\t\t\t<div class=\"elementor-column elementor-col-100 elementor-top-column elementor-element elementor-element-ae2aa15\" data-id=\"ae2aa15\" data-element_type=\"column\" data-e-type=\"column\">\n\t\t\t<div class=\"elementor-widget-wrap elementor-element-populated\">\n\t\t\t\t\t\t<div class=\"elementor-element elementor-element-67693f4 elementor-invisible elementor-widget elementor-widget-text-editor\" data-id=\"67693f4\" data-element_type=\"widget\" data-e-type=\"widget\" data-settings=\"{&quot;motion_fx_motion_fx_scrolling&quot;:&quot;yes&quot;,&quot;motion_fx_translateY_effect&quot;:&quot;yes&quot;,&quot;motion_fx_translateY_direction&quot;:&quot;negative&quot;,&quot;motion_fx_translateY_speed&quot;:{&quot;unit&quot;:&quot;px&quot;,&quot;size&quot;:2,&quot;sizes&quot;:[]},&quot;_animation&quot;:&quot;fadeIn&quot;,&quot;motion_fx_translateY_affectedRange&quot;:{&quot;unit&quot;:&quot;%&quot;,&quot;size&quot;:&quot;&quot;,&quot;sizes&quot;:{&quot;start&quot;:0,&quot;end&quot;:100}},&quot;motion_fx_devices&quot;:[&quot;desktop&quot;,&quot;laptop&quot;,&quot;tablet&quot;,&quot;mobile&quot;]}\" data-widget_type=\"text-editor.default\">\n\t\t\t\t<div class=\"elementor-widget-container\">\n\t\t\t\t\t\t\t\t\t<h1 style=\"font-weight: 900;\">Autopesu<\/h1>\t\t\t\t\t\t\t\t<\/div>\n\t\t\t\t<\/div>\n\t\t\t\t\t<\/div>\n\t\t<\/div>\n\t\t\t\t\t<\/div>\n\t\t<\/section>\n\t\t\t\t<section class=\"elementor-section elementor-top-section elementor-element elementor-element-052aa79 elementor-section-boxed elementor-section-height-default elementor-section-height-default\" data-id=\"052aa79\" data-element_type=\"section\" data-e-type=\"section\">\n\t\t\t\t\t\t<div class=\"elementor-container elementor-column-gap-default\">\n\t\t\t\t\t<div class=\"elementor-column elementor-col-100 elementor-top-column elementor-element elementor-element-8b70d9d\" data-id=\"8b70d9d\" data-element_type=\"column\" data-e-type=\"column\">\n\t\t\t<div class=\"elementor-widget-wrap elementor-element-populated\">\n\t\t\t\t\t\t<div class=\"elementor-element elementor-element-bcf3403 elementor-widget elementor-widget-text-editor\" data-id=\"bcf3403\" data-element_type=\"widget\" data-e-type=\"widget\" data-widget_type=\"text-editor.default\">\n\t\t\t\t<div class=\"elementor-widget-container\">\n\t\t\t\t\t\t\t\t\t<p>Tikkuparkin ylemm\u00e4ll\u00e4 tasolla P1 (K1) on kes\u00e4ll\u00e4 2021 avattu autopesula, jossa palveluista vastaa Autonhoito Jamine Oy.<\/p><p>Voit varata ajan auton k\u00e4sinpesuun, sis\u00e4puhdistukseen, vahaukseen, verhoilun, moottoripesuun tai umpioiden hiontaan suoraan verkosta osoitteesta <a href=\"https:\/\/autopesukeskus.fi\/autopesu-vantaa\/\">https:\/\/autopesukeskus.fi\/autopesu-vantaa\/<\/a><\/p>\t\t\t\t\t\t\t\t<\/div>\n\t\t\t\t<\/div>\n\t\t\t\t\t<\/div>\n\t\t<\/div>\n\t\t\t\t\t<\/div>\n\t\t<\/section>\n\t\t\t\t<\/div>\n\t\t","protected":false},"excerpt":{"rendered":"<p>There is a car wash on the upper level of the Tikkuparkki car park, the services of which is be provided by Autonhoito Jamine Oy. You can book the services such as car hand washing, interior cleaning, waxing, upholstery cleaning or engine washing online at https:\/\/autopesukeskus.fi\/autopesu-vantaa\/<\/p>","protected":false},"author":4,"featured_media":0,"parent":0,"menu_order":0,"comment_status":"closed","ping_status":"closed","template":"","meta":{"footnotes":""},"class_list":["post-707","page","type-page","status-publish","hentry"],"yoast_head":"<!-- This site is optimized with the Yoast SEO plugin v27.3 - https:\/\/yoast.com\/product\/yoast-seo-wordpress\/ -->\n<title>Autopesu - Tikkuparkki<\/title>\n<meta name=\"robots\" content=\"index, follow, max-snippet:-1, max-image-preview:large, max-video-preview:-1\" \/>\n<link rel=\"canonical\" href=\"https:\/\/tikkuparkki.fi\/en\/autopesu\/\" \/>\n<meta property=\"og:locale\" content=\"en_GB\" \/>\n<meta property=\"og:type\" content=\"article\" \/>\n<meta property=\"og:title\" content=\"Autopesu - Tikkuparkki\" \/>\n<meta property=\"og:description\" content=\"Autopesu Tikkuparkin ylemm\u00e4ll\u00e4 tasolla P1 (K1) on kes\u00e4ll\u00e4 2021 avattu autopesula, jossa palveluista vastaa Autonhoito Jamine Oy. Voit varata ajan auton k\u00e4sinpesuun, sis\u00e4puhdistukseen, vahaukseen, verhoilun, moottoripesuun tai umpioiden hiontaan suoraan verkosta osoitteesta https:\/\/autopesukeskus.fi\/autopesu-vantaa\/\" \/>\n<meta property=\"og:url\" content=\"https:\/\/tikkuparkki.fi\/en\/autopesu\/\" \/>\n<meta property=\"og:site_name\" content=\"Tikkuparkki\" \/>\n<meta property=\"article:modified_time\" content=\"2022-02-04T06:53:54+00:00\" \/>\n<meta property=\"og:image\" content=\"https:\/\/tikkuparkki.fi\/wp-content\/uploads\/2019\/12\/tikkuparkki-sisaankaynti.jpg\" \/>\n\t<meta property=\"og:image:width\" content=\"880\" \/>\n\t<meta property=\"og:image:height\" content=\"581\" \/>\n\t<meta property=\"og:image:type\" content=\"image\/jpeg\" \/>\n<meta name=\"twitter:card\" content=\"summary_large_image\" \/>\n<meta name=\"twitter:label1\" content=\"Estimated reading time\" \/>\n\t<meta name=\"twitter:data1\" content=\"1 minute\" \/>\n<script type=\"application\/ld+json\" class=\"yoast-schema-graph\">{\"@context\":\"https:\\\/\\\/schema.org\",\"@graph\":[{\"@type\":\"WebPage\",\"@id\":\"https:\\\/\\\/tikkuparkki.fi\\\/autopesu\\\/\",\"url\":\"https:\\\/\\\/tikkuparkki.fi\\\/autopesu\\\/\",\"name\":\"Autopesu - Tikkuparkki\",\"isPartOf\":{\"@id\":\"https:\\\/\\\/tikkuparkki.fi\\\/#website\"},\"datePublished\":\"2022-01-28T09:37:18+00:00\",\"dateModified\":\"2022-02-04T06:53:54+00:00\",\"breadcrumb\":{\"@id\":\"https:\\\/\\\/tikkuparkki.fi\\\/autopesu\\\/#breadcrumb\"},\"inLanguage\":\"en-GB\",\"potentialAction\":[{\"@type\":\"ReadAction\",\"target\":[\"https:\\\/\\\/tikkuparkki.fi\\\/autopesu\\\/\"]}]},{\"@type\":\"BreadcrumbList\",\"@id\":\"https:\\\/\\\/tikkuparkki.fi\\\/autopesu\\\/#breadcrumb\",\"itemListElement\":[{\"@type\":\"ListItem\",\"position\":1,\"name\":\"Home\",\"item\":\"https:\\\/\\\/tikkuparkki.fi\\\/\"},{\"@type\":\"ListItem\",\"position\":2,\"name\":\"Autopesu\"}]},{\"@type\":\"WebSite\",\"@id\":\"https:\\\/\\\/tikkuparkki.fi\\\/#website\",\"url\":\"https:\\\/\\\/tikkuparkki.fi\\\/\",\"name\":\"Tikkuparkki\",\"description\":\"\",\"publisher\":{\"@id\":\"https:\\\/\\\/tikkuparkki.fi\\\/#organization\"},\"potentialAction\":[{\"@type\":\"SearchAction\",\"target\":{\"@type\":\"EntryPoint\",\"urlTemplate\":\"https:\\\/\\\/tikkuparkki.fi\\\/?s={search_term_string}\"},\"query-input\":{\"@type\":\"PropertyValueSpecification\",\"valueRequired\":true,\"valueName\":\"search_term_string\"}}],\"inLanguage\":\"en-GB\"},{\"@type\":\"Organization\",\"@id\":\"https:\\\/\\\/tikkuparkki.fi\\\/#organization\",\"name\":\"Tikkuparkki\",\"url\":\"https:\\\/\\\/tikkuparkki.fi\\\/\",\"logo\":{\"@type\":\"ImageObject\",\"inLanguage\":\"en-GB\",\"@id\":\"https:\\\/\\\/tikkuparkki.fi\\\/#\\\/schema\\\/logo\\\/image\\\/\",\"url\":\"https:\\\/\\\/tikkuparkki.fi\\\/wp-content\\\/uploads\\\/2019\\\/12\\\/Tikkuparkki-logo.svg\",\"contentUrl\":\"https:\\\/\\\/tikkuparkki.fi\\\/wp-content\\\/uploads\\\/2019\\\/12\\\/Tikkuparkki-logo.svg\",\"width\":112,\"height\":49,\"caption\":\"Tikkuparkki\"},\"image\":{\"@id\":\"https:\\\/\\\/tikkuparkki.fi\\\/#\\\/schema\\\/logo\\\/image\\\/\"}}]}<\/script>\n<!-- \/ Yoast SEO plugin. -->","yoast_head_json":{"title":"Carwash - Tikkuparkki","robots":{"index":"index","follow":"follow","max-snippet":"max-snippet:-1","max-image-preview":"max-image-preview:large","max-video-preview":"max-video-preview:-1"},"canonical":"https:\/\/tikkuparkki.fi\/en\/autopesu\/","og_locale":"en_GB","og_type":"article","og_title":"Autopesu - Tikkuparkki","og_description":"Autopesu Tikkuparkin ylemm\u00e4ll\u00e4 tasolla P1 (K1) on kes\u00e4ll\u00e4 2021 avattu autopesula, jossa palveluista vastaa Autonhoito Jamine Oy. Voit varata ajan auton k\u00e4sinpesuun, sis\u00e4puhdistukseen, vahaukseen, verhoilun, moottoripesuun tai umpioiden hiontaan suoraan verkosta osoitteesta https:\/\/autopesukeskus.fi\/autopesu-vantaa\/","og_url":"https:\/\/tikkuparkki.fi\/en\/autopesu\/","og_site_name":"Tikkuparkki","article_modified_time":"2022-02-04T06:53:54+00:00","og_image":[{"width":880,"height":581,"url":"https:\/\/tikkuparkki.fi\/wp-content\/uploads\/2019\/12\/tikkuparkki-sisaankaynti.jpg","type":"image\/jpeg"}],"twitter_card":"summary_large_image","twitter_misc":{"Estimated reading time":"1 minute"},"schema":{"@context":"https:\/\/schema.org","@graph":[{"@type":"WebPage","@id":"https:\/\/tikkuparkki.fi\/autopesu\/","url":"https:\/\/tikkuparkki.fi\/autopesu\/","name":"Carwash - Tikkuparkki","isPartOf":{"@id":"https:\/\/tikkuparkki.fi\/#website"},"datePublished":"2022-01-28T09:37:18+00:00","dateModified":"2022-02-04T06:53:54+00:00","breadcrumb":{"@id":"https:\/\/tikkuparkki.fi\/autopesu\/#breadcrumb"},"inLanguage":"en-GB","potentialAction":[{"@type":"ReadAction","target":["https:\/\/tikkuparkki.fi\/autopesu\/"]}]},{"@type":"BreadcrumbList","@id":"https:\/\/tikkuparkki.fi\/autopesu\/#breadcrumb","itemListElement":[{"@type":"ListItem","position":1,"name":"Home","item":"https:\/\/tikkuparkki.fi\/"},{"@type":"ListItem","position":2,"name":"Autopesu"}]},{"@type":"WebSite","@id":"https:\/\/tikkuparkki.fi\/#website","url":"https:\/\/tikkuparkki.fi\/","name":"Tikkuparkki's parking intructions","description":"","publisher":{"@id":"https:\/\/tikkuparkki.fi\/#organization"},"potentialAction":[{"@type":"SearchAction","target":{"@type":"EntryPoint","urlTemplate":"https:\/\/tikkuparkki.fi\/?s={search_term_string}"},"query-input":{"@type":"PropertyValueSpecification","valueRequired":true,"valueName":"search_term_string"}}],"inLanguage":"en-GB"},{"@type":"Organization","@id":"https:\/\/tikkuparkki.fi\/#organization","name":"Tikkuparkki's parking intructions","url":"https:\/\/tikkuparkki.fi\/","logo":{"@type":"ImageObject","inLanguage":"en-GB","@id":"https:\/\/tikkuparkki.fi\/#\/schema\/logo\/image\/","url":"https:\/\/tikkuparkki.fi\/wp-content\/uploads\/2019\/12\/Tikkuparkki-logo.svg","contentUrl":"https:\/\/tikkuparkki.fi\/wp-content\/uploads\/2019\/12\/Tikkuparkki-logo.svg","width":112,"height":49,"caption":"Tikkuparkki"},"image":{"@id":"https:\/\/tikkuparkki.fi\/#\/schema\/logo\/image\/"}}]}},"_links":{"self":[{"href":"https:\/\/tikkuparkki.fi\/en\/wp-json\/wp\/v2\/pages\/707","targetHints":{"allow":["GET"]}}],"collection":[{"href":"https:\/\/tikkuparkki.fi\/en\/wp-json\/wp\/v2\/pages"}],"about":[{"href":"https:\/\/tikkuparkki.fi\/en\/wp-json\/wp\/v2\/types\/page"}],"author":[{"embeddable":true,"href":"https:\/\/tikkuparkki.fi\/en\/wp-json\/wp\/v2\/users\/4"}],"replies":[{"embeddable":true,"href":"https:\/\/tikkuparkki.fi\/en\/wp-json\/wp\/v2\/comments?post=707"}],"version-history":[{"count":13,"href":"https:\/\/tikkuparkki.fi\/en\/wp-json\/wp\/v2\/pages\/707\/revisions"}],"predecessor-version":[{"id":725,"href":"https:\/\/tikkuparkki.fi\/en\/wp-json\/wp\/v2\/pages\/707\/revisions\/725"}],"wp:attachment":[{"href":"https:\/\/tikkuparkki.fi\/en\/wp-json\/wp\/v2\/media?parent=707"}],"curies":[{"name":"wp","href":"https:\/\/api.w.org\/{rel}","templated":true}]}}