{"id":211,"date":"2019-12-13T15:47:32","date_gmt":"2019-12-13T15:47:32","guid":{"rendered":"https:\/\/tikkuparkki.fi\/?page_id=211"},"modified":"2025-10-03T06:44:56","modified_gmt":"2025-10-03T06:44:56","slug":"yhteystiedot","status":"publish","type":"page","link":"https:\/\/tikkuparkki.fi\/en\/contact\/","title":{"rendered":"Contact"},"content":{"rendered":"\t\t<div data-elementor-type=\"wp-page\" data-elementor-id=\"211\" class=\"elementor elementor-211\" data-elementor-post-type=\"page\">\n\t\t\t\t\t\t<section class=\"elementor-section elementor-top-section elementor-element elementor-element-c3fd817 elementor-section-height-min-height elementor-section-boxed elementor-section-height-default elementor-section-items-middle\" data-id=\"c3fd817\" data-element_type=\"section\" data-e-type=\"section\" data-settings=\"{&quot;background_background&quot;:&quot;gradient&quot;}\">\n\t\t\t\t\t\t\t<div class=\"elementor-background-overlay\"><\/div>\n\t\t\t\t\t\t\t<div class=\"elementor-container elementor-column-gap-default\">\n\t\t\t\t\t<div class=\"elementor-column elementor-col-100 elementor-top-column elementor-element elementor-element-84bcc7d\" data-id=\"84bcc7d\" data-element_type=\"column\" data-e-type=\"column\">\n\t\t\t<div class=\"elementor-widget-wrap elementor-element-populated\">\n\t\t\t\t\t\t<div class=\"elementor-element elementor-element-961503a elementor-invisible elementor-widget elementor-widget-text-editor\" data-id=\"961503a\" data-element_type=\"widget\" data-e-type=\"widget\" data-settings=\"{&quot;motion_fx_motion_fx_scrolling&quot;:&quot;yes&quot;,&quot;motion_fx_translateY_effect&quot;:&quot;yes&quot;,&quot;motion_fx_translateY_direction&quot;:&quot;negative&quot;,&quot;motion_fx_translateY_speed&quot;:{&quot;unit&quot;:&quot;px&quot;,&quot;size&quot;:2,&quot;sizes&quot;:[]},&quot;_animation&quot;:&quot;fadeIn&quot;,&quot;motion_fx_translateY_affectedRange&quot;:{&quot;unit&quot;:&quot;%&quot;,&quot;size&quot;:&quot;&quot;,&quot;sizes&quot;:{&quot;start&quot;:0,&quot;end&quot;:100}},&quot;motion_fx_devices&quot;:[&quot;desktop&quot;,&quot;laptop&quot;,&quot;tablet&quot;,&quot;mobile&quot;]}\" data-widget_type=\"text-editor.default\">\n\t\t\t\t<div class=\"elementor-widget-container\">\n\t\t\t\t\t\t\t\t\t<h1 style=\"font-weight: 900;\">Yhteys&shy;tiedot<\/h1>\t\t\t\t\t\t\t\t<\/div>\n\t\t\t\t<\/div>\n\t\t\t\t\t<\/div>\n\t\t<\/div>\n\t\t\t\t\t<\/div>\n\t\t<\/section>\n\t\t\t\t<section class=\"elementor-section elementor-top-section elementor-element elementor-element-6e4dcde elementor-section-boxed elementor-section-height-default elementor-section-height-default\" data-id=\"6e4dcde\" data-element_type=\"section\" data-e-type=\"section\">\n\t\t\t\t\t\t<div class=\"elementor-container elementor-column-gap-default\">\n\t\t\t\t\t<div class=\"elementor-column elementor-col-50 elementor-top-column elementor-element elementor-element-cd332b5\" data-id=\"cd332b5\" data-element_type=\"column\" data-e-type=\"column\">\n\t\t\t<div class=\"elementor-widget-wrap elementor-element-populated\">\n\t\t\t\t\t\t<div class=\"elementor-element elementor-element-a79f880 elementor-widget elementor-widget-heading\" data-id=\"a79f880\" data-element_type=\"widget\" data-e-type=\"widget\" data-widget_type=\"heading.default\">\n\t\t\t\t<div class=\"elementor-widget-container\">\n\t\t\t\t\t<h2 class=\"elementor-heading-title elementor-size-default\">Tikkuparkin asiakaspalvelu<\/h2>\t\t\t\t<\/div>\n\t\t\t\t<\/div>\n\t\t\t\t<div class=\"elementor-element elementor-element-aee87d8 elementor-widget elementor-widget-text-editor\" data-id=\"aee87d8\" data-element_type=\"widget\" data-e-type=\"widget\" data-widget_type=\"text-editor.default\">\n\t\t\t\t<div class=\"elementor-widget-container\">\n\t\t\t\t\t\t\t\t\t<p>Tikkuparkin asiakaspalvelusta ja teknisest\u00e4 is\u00e4nn\u00f6innist\u00e4 vastaa Suomen Pys\u00e4k\u00f6intihallinta Oy,<br \/>Asiakaspalvelu ark. klo 08.00\u201316.00 Puh 050\u00a0408 4855.<br \/>Tikkuparkki hinnat: <a href=\"https:\/\/tikkuparkki.fi\/pysakointi-info\/\">tikkuparkki.fi\/pysakointi-info\/<\/a><\/p><p>Ongelmatilanteissa on my\u00f6s mahdollista ottaa yhteys asiakaspalveluumme k\u00e4yntiovien vieress\u00e4 olevilla maksuttomilla pikapuhelimilla.<\/p>\t\t\t\t\t\t\t\t<\/div>\n\t\t\t\t<\/div>\n\t\t\t\t<div class=\"elementor-element elementor-element-1460155 elementor-widget elementor-widget-image\" data-id=\"1460155\" data-element_type=\"widget\" data-e-type=\"widget\" data-widget_type=\"image.default\">\n\t\t\t\t<div class=\"elementor-widget-container\">\n\t\t\t\t\t\t\t\t\t\t\t\t\t\t\t<img fetchpriority=\"high\" decoding=\"async\" width=\"800\" height=\"600\" src=\"https:\/\/tikkuparkki.fi\/wp-content\/uploads\/2019\/12\/Tikkuparkki-ovipuhelin-1024x768.jpg\" class=\"attachment-large size-large wp-image-334\" alt=\"\" srcset=\"https:\/\/tikkuparkki.fi\/wp-content\/uploads\/2019\/12\/Tikkuparkki-ovipuhelin-1024x768.jpg 1024w, https:\/\/tikkuparkki.fi\/wp-content\/uploads\/2019\/12\/Tikkuparkki-ovipuhelin-300x225.jpg 300w, https:\/\/tikkuparkki.fi\/wp-content\/uploads\/2019\/12\/Tikkuparkki-ovipuhelin-768x576.jpg 768w, https:\/\/tikkuparkki.fi\/wp-content\/uploads\/2019\/12\/Tikkuparkki-ovipuhelin-1536x1152.jpg 1536w, https:\/\/tikkuparkki.fi\/wp-content\/uploads\/2019\/12\/Tikkuparkki-ovipuhelin.jpg 1600w\" sizes=\"(max-width: 800px) 100vw, 800px\" \/>\t\t\t\t\t\t\t\t\t\t\t\t\t\t\t<\/div>\n\t\t\t\t<\/div>\n\t\t\t\t\t<\/div>\n\t\t<\/div>\n\t\t\t\t<div class=\"elementor-column elementor-col-50 elementor-top-column elementor-element elementor-element-328eee7\" data-id=\"328eee7\" data-element_type=\"column\" data-e-type=\"column\">\n\t\t\t<div class=\"elementor-widget-wrap elementor-element-populated\">\n\t\t\t\t\t\t<div class=\"elementor-element elementor-element-edf744e elementor-widget elementor-widget-heading\" data-id=\"edf744e\" data-element_type=\"widget\" data-e-type=\"widget\" data-widget_type=\"heading.default\">\n\t\t\t\t<div class=\"elementor-widget-container\">\n\t\t\t\t\t<h2 class=\"elementor-heading-title elementor-size-default\">Kiinteist\u00f6nhoito<\/h2>\t\t\t\t<\/div>\n\t\t\t\t<\/div>\n\t\t\t\t<div class=\"elementor-element elementor-element-53912f1 elementor-widget elementor-widget-text-editor\" data-id=\"53912f1\" data-element_type=\"widget\" data-e-type=\"widget\" data-widget_type=\"text-editor.default\">\n\t\t\t\t<div class=\"elementor-widget-container\">\n\t\t\t\t\t\t\t\t\t<p>Pys\u00e4k\u00f6intilaitoksen kiinteist\u00f6nhoidosta vastaa Hakunilan huolto Oy,<\/p><p>Asuma Palvelut<br \/>Kannuskuja 2<br \/>01200 Vantaa<br \/><a href=\"tel:0207792300\">0207792300<\/a> \/ 24h<br \/><a href=\"mailto:aspa@asumapalvelut.fi\">aspa@asumapalvelut.fi<\/a><\/p>\t\t\t\t\t\t\t\t<\/div>\n\t\t\t\t<\/div>\n\t\t\t\t<div class=\"elementor-element elementor-element-2436646 elementor-widget elementor-widget-heading\" data-id=\"2436646\" data-element_type=\"widget\" data-e-type=\"widget\" data-widget_type=\"heading.default\">\n\t\t\t\t<div class=\"elementor-widget-container\">\n\t\t\t\t\t<h2 class=\"elementor-heading-title elementor-size-default\">Suomen pys\u00e4k\u00f6intihallinta<\/h2>\t\t\t\t<\/div>\n\t\t\t\t<\/div>\n\t\t\t\t<div class=\"elementor-element elementor-element-9fa4bcd elementor-widget elementor-widget-text-editor\" data-id=\"9fa4bcd\" data-element_type=\"widget\" data-e-type=\"widget\" data-widget_type=\"text-editor.default\">\n\t\t\t\t<div class=\"elementor-widget-container\">\n\t\t\t\t\t\t\t\t\tPitk\u00e4aikaisesta sopimuspys\u00e4k\u00f6innist\u00e4 saa lis\u00e4tietoja Suomen Pys\u00e4k\u00f6intihallinnalta soittamalla asiakaspalvelun puhelinnumero on <a href=\"tel:+358504084855\">050\u00a0408 4855<\/a> ark. 08.00\u201316.00 tai s\u00e4hk\u00f6postilla\u00a0<a href=\"mailto:sopimus@pysakointihallinta.fi\">sopimus@pysakointihallinta.fi<\/a>\t\t\t\t\t\t\t\t<\/div>\n\t\t\t\t<\/div>\n\t\t\t\t<div class=\"elementor-element elementor-element-99fdeb2 elementor-widget elementor-widget-heading\" data-id=\"99fdeb2\" data-element_type=\"widget\" data-e-type=\"widget\" data-widget_type=\"heading.default\">\n\t\t\t\t<div class=\"elementor-widget-container\">\n\t\t\t\t\t<h2 class=\"elementor-heading-title elementor-size-default\">Sopimuspys\u00e4k\u00f6innin laskutustiedot<\/h2>\t\t\t\t<\/div>\n\t\t\t\t<\/div>\n\t\t\t\t<div class=\"elementor-element elementor-element-2502d80 elementor-widget elementor-widget-text-editor\" data-id=\"2502d80\" data-element_type=\"widget\" data-e-type=\"widget\" data-widget_type=\"text-editor.default\">\n\t\t\t\t<div class=\"elementor-widget-container\">\n\t\t\t\t\t\t\t\t\t<p>Sopimuspys\u00e4k\u00f6innin laskutusta koskevissa asioissa, ota yhteys<\/p><p>S\u00e4hk\u00f6posti: <a href=\"mailto:pysakointilaskutus@vantaa.fi\">pysakointilaskutus@vantaa.fi<\/a><br \/>Puhelimitse <a href=\"tel:+358503045138\">0503045138<\/a>\u00a0 (Martyna Rantanen).<\/p>\t\t\t\t\t\t\t\t<\/div>\n\t\t\t\t<\/div>\n\t\t\t\t<div class=\"elementor-element elementor-element-4d135e3 elementor-widget elementor-widget-heading\" data-id=\"4d135e3\" data-element_type=\"widget\" data-e-type=\"widget\" data-widget_type=\"heading.default\">\n\t\t\t\t<div class=\"elementor-widget-container\">\n\t\t\t\t\t<h2 class=\"elementor-heading-title elementor-size-default\">VanPark Oy<\/h2>\t\t\t\t<\/div>\n\t\t\t\t<\/div>\n\t\t\t\t<div class=\"elementor-element elementor-element-524dc2e elementor-widget elementor-widget-text-editor\" data-id=\"524dc2e\" data-element_type=\"widget\" data-e-type=\"widget\" data-widget_type=\"text-editor.default\">\n\t\t\t\t<div class=\"elementor-widget-container\">\n\t\t\t\t\t\t\t\t\t<p>Kielotie 14 A, 3. krs<br \/>c\/o VTK Kiinteist\u00f6t Oy<br \/>01300 Vantaa<\/p><p>Y-tunnus<br \/>3458938-6<\/p>\t\t\t\t\t\t\t\t<\/div>\n\t\t\t\t<\/div>\n\t\t\t\t\t<\/div>\n\t\t<\/div>\n\t\t\t\t\t<\/div>\n\t\t<\/section>\n\t\t\t\t<\/div>\n\t\t","protected":false},"excerpt":{"rendered":"<p>Yhteys&shy;tiedot Tikkuparkin asiakaspalvelu Tikkuparkin asiakaspalvelusta ja teknisest\u00e4 is\u00e4nn\u00f6innist\u00e4 vastaa Suomen Pys\u00e4k\u00f6intihallinta Oy,Asiakaspalvelu ark. klo 08.00\u201316.00 Puh 050\u00a0408 4855.Tikkuparkki hinnat: tikkuparkki.fi\/pysakointi-info\/ Ongelmatilanteissa on my\u00f6s mahdollista ottaa yhteys asiakaspalveluumme k\u00e4yntiovien vieress\u00e4 olevilla maksuttomilla pikapuhelimilla. Kiinteist\u00f6nhoito Pys\u00e4k\u00f6intilaitoksen kiinteist\u00f6nhoidosta vastaa Hakunilan huolto Oy, Asuma PalvelutKannuskuja 201200 Vantaa0207792300 \/ 24haspa@asumapalvelut.fi Suomen pys\u00e4k\u00f6intihallinta Pitk\u00e4aikaisesta sopimuspys\u00e4k\u00f6innist\u00e4 saa lis\u00e4tietoja Suomen Pys\u00e4k\u00f6intihallinnalta soittamalla asiakaspalvelun [&hellip;]<\/p>\n","protected":false},"author":4,"featured_media":0,"parent":0,"menu_order":0,"comment_status":"closed","ping_status":"closed","template":"","meta":{"footnotes":""},"class_list":["post-211","page","type-page","status-publish","hentry"],"yoast_head":"<!-- This site is optimized with the Yoast SEO plugin v27.3 - https:\/\/yoast.com\/product\/yoast-seo-wordpress\/ -->\n<title>Tikkuparkki yhteystiedot<\/title>\n<meta name=\"robots\" content=\"index, follow, max-snippet:-1, max-image-preview:large, max-video-preview:-1\" \/>\n<link rel=\"canonical\" href=\"https:\/\/tikkuparkki.fi\/en\/yhteystiedot\/\" \/>\n<meta property=\"og:locale\" content=\"en_GB\" \/>\n<meta property=\"og:type\" content=\"article\" \/>\n<meta property=\"og:title\" content=\"Tikkuparkki yhteystiedot\" \/>\n<meta property=\"og:description\" content=\"Yhteys&shy;tiedot Tikkuparkin asiakaspalvelu Tikkuparkin asiakaspalvelusta ja teknisest\u00e4 is\u00e4nn\u00f6innist\u00e4 vastaa Suomen Pys\u00e4k\u00f6intihallinta Oy,Asiakaspalvelu ark. klo 08.00\u201316.00 Puh 050\u00a0408 4855.Tikkuparkki hinnat: tikkuparkki.fi\/pysakointi-info\/ Ongelmatilanteissa on my\u00f6s mahdollista ottaa yhteys asiakaspalveluumme k\u00e4yntiovien vieress\u00e4 olevilla maksuttomilla pikapuhelimilla. Kiinteist\u00f6nhoito Pys\u00e4k\u00f6intilaitoksen kiinteist\u00f6nhoidosta vastaa Hakunilan huolto Oy, Asuma PalvelutKannuskuja 201200 Vantaa0207792300 \/ 24haspa@asumapalvelut.fi Suomen pys\u00e4k\u00f6intihallinta Pitk\u00e4aikaisesta sopimuspys\u00e4k\u00f6innist\u00e4 saa lis\u00e4tietoja Suomen Pys\u00e4k\u00f6intihallinnalta soittamalla asiakaspalvelun [&hellip;]\" \/>\n<meta property=\"og:url\" content=\"https:\/\/tikkuparkki.fi\/en\/yhteystiedot\/\" \/>\n<meta property=\"og:site_name\" content=\"Tikkuparkki\" \/>\n<meta property=\"article:modified_time\" content=\"2025-10-03T06:44:56+00:00\" \/>\n<meta property=\"og:image\" content=\"https:\/\/tikkuparkki.fi\/wp-content\/uploads\/2019\/12\/Tikkuparkki-ovipuhelin.jpg\" \/>\n\t<meta property=\"og:image:width\" content=\"1600\" \/>\n\t<meta property=\"og:image:height\" content=\"1200\" \/>\n\t<meta property=\"og:image:type\" content=\"image\/jpeg\" \/>\n<meta name=\"twitter:card\" content=\"summary_large_image\" \/>\n<meta name=\"twitter:label1\" content=\"Estimated reading time\" \/>\n\t<meta name=\"twitter:data1\" content=\"1 minute\" \/>\n<script type=\"application\/ld+json\" class=\"yoast-schema-graph\">{\"@context\":\"https:\\\/\\\/schema.org\",\"@graph\":[{\"@type\":\"WebPage\",\"@id\":\"https:\\\/\\\/tikkuparkki.fi\\\/yhteystiedot\\\/\",\"url\":\"https:\\\/\\\/tikkuparkki.fi\\\/yhteystiedot\\\/\",\"name\":\"Tikkuparkki yhteystiedot\",\"isPartOf\":{\"@id\":\"https:\\\/\\\/tikkuparkki.fi\\\/#website\"},\"primaryImageOfPage\":{\"@id\":\"https:\\\/\\\/tikkuparkki.fi\\\/yhteystiedot\\\/#primaryimage\"},\"image\":{\"@id\":\"https:\\\/\\\/tikkuparkki.fi\\\/yhteystiedot\\\/#primaryimage\"},\"thumbnailUrl\":\"https:\\\/\\\/tikkuparkki.fi\\\/wp-content\\\/uploads\\\/2019\\\/12\\\/Tikkuparkki-ovipuhelin-1024x768.jpg\",\"datePublished\":\"2019-12-13T15:47:32+00:00\",\"dateModified\":\"2025-10-03T06:44:56+00:00\",\"breadcrumb\":{\"@id\":\"https:\\\/\\\/tikkuparkki.fi\\\/yhteystiedot\\\/#breadcrumb\"},\"inLanguage\":\"en-GB\",\"potentialAction\":[{\"@type\":\"ReadAction\",\"target\":[\"https:\\\/\\\/tikkuparkki.fi\\\/yhteystiedot\\\/\"]}]},{\"@type\":\"ImageObject\",\"inLanguage\":\"en-GB\",\"@id\":\"https:\\\/\\\/tikkuparkki.fi\\\/yhteystiedot\\\/#primaryimage\",\"url\":\"https:\\\/\\\/tikkuparkki.fi\\\/wp-content\\\/uploads\\\/2019\\\/12\\\/Tikkuparkki-ovipuhelin-1024x768.jpg\",\"contentUrl\":\"https:\\\/\\\/tikkuparkki.fi\\\/wp-content\\\/uploads\\\/2019\\\/12\\\/Tikkuparkki-ovipuhelin-1024x768.jpg\"},{\"@type\":\"BreadcrumbList\",\"@id\":\"https:\\\/\\\/tikkuparkki.fi\\\/yhteystiedot\\\/#breadcrumb\",\"itemListElement\":[{\"@type\":\"ListItem\",\"position\":1,\"name\":\"Home\",\"item\":\"https:\\\/\\\/tikkuparkki.fi\\\/\"},{\"@type\":\"ListItem\",\"position\":2,\"name\":\"Yhteystiedot\"}]},{\"@type\":\"WebSite\",\"@id\":\"https:\\\/\\\/tikkuparkki.fi\\\/#website\",\"url\":\"https:\\\/\\\/tikkuparkki.fi\\\/\",\"name\":\"Tikkuparkki\",\"description\":\"\",\"publisher\":{\"@id\":\"https:\\\/\\\/tikkuparkki.fi\\\/#organization\"},\"potentialAction\":[{\"@type\":\"SearchAction\",\"target\":{\"@type\":\"EntryPoint\",\"urlTemplate\":\"https:\\\/\\\/tikkuparkki.fi\\\/?s={search_term_string}\"},\"query-input\":{\"@type\":\"PropertyValueSpecification\",\"valueRequired\":true,\"valueName\":\"search_term_string\"}}],\"inLanguage\":\"en-GB\"},{\"@type\":\"Organization\",\"@id\":\"https:\\\/\\\/tikkuparkki.fi\\\/#organization\",\"name\":\"Tikkuparkki\",\"url\":\"https:\\\/\\\/tikkuparkki.fi\\\/\",\"logo\":{\"@type\":\"ImageObject\",\"inLanguage\":\"en-GB\",\"@id\":\"https:\\\/\\\/tikkuparkki.fi\\\/#\\\/schema\\\/logo\\\/image\\\/\",\"url\":\"https:\\\/\\\/tikkuparkki.fi\\\/wp-content\\\/uploads\\\/2019\\\/12\\\/Tikkuparkki-logo.svg\",\"contentUrl\":\"https:\\\/\\\/tikkuparkki.fi\\\/wp-content\\\/uploads\\\/2019\\\/12\\\/Tikkuparkki-logo.svg\",\"width\":112,\"height\":49,\"caption\":\"Tikkuparkki\"},\"image\":{\"@id\":\"https:\\\/\\\/tikkuparkki.fi\\\/#\\\/schema\\\/logo\\\/image\\\/\"}}]}<\/script>\n<!-- \/ Yoast SEO plugin. -->","yoast_head_json":{"title":"Tikkuparkki contact","robots":{"index":"index","follow":"follow","max-snippet":"max-snippet:-1","max-image-preview":"max-image-preview:large","max-video-preview":"max-video-preview:-1"},"canonical":"https:\/\/tikkuparkki.fi\/en\/yhteystiedot\/","og_locale":"en_GB","og_type":"article","og_title":"Tikkuparkki yhteystiedot","og_description":"Yhteys&shy;tiedot Tikkuparkin asiakaspalvelu Tikkuparkin asiakaspalvelusta ja teknisest\u00e4 is\u00e4nn\u00f6innist\u00e4 vastaa Suomen Pys\u00e4k\u00f6intihallinta Oy,Asiakaspalvelu ark. klo 08.00\u201316.00 Puh 050\u00a0408 4855.Tikkuparkki hinnat: tikkuparkki.fi\/pysakointi-info\/ Ongelmatilanteissa on my\u00f6s mahdollista ottaa yhteys asiakaspalveluumme k\u00e4yntiovien vieress\u00e4 olevilla maksuttomilla pikapuhelimilla. Kiinteist\u00f6nhoito Pys\u00e4k\u00f6intilaitoksen kiinteist\u00f6nhoidosta vastaa Hakunilan huolto Oy, Asuma PalvelutKannuskuja 201200 Vantaa0207792300 \/ 24haspa@asumapalvelut.fi Suomen pys\u00e4k\u00f6intihallinta Pitk\u00e4aikaisesta sopimuspys\u00e4k\u00f6innist\u00e4 saa lis\u00e4tietoja Suomen Pys\u00e4k\u00f6intihallinnalta soittamalla asiakaspalvelun [&hellip;]","og_url":"https:\/\/tikkuparkki.fi\/en\/yhteystiedot\/","og_site_name":"Tikkuparkki","article_modified_time":"2025-10-03T06:44:56+00:00","og_image":[{"width":1600,"height":1200,"url":"https:\/\/tikkuparkki.fi\/wp-content\/uploads\/2019\/12\/Tikkuparkki-ovipuhelin.jpg","type":"image\/jpeg"}],"twitter_card":"summary_large_image","twitter_misc":{"Estimated reading time":"1 minute"},"schema":{"@context":"https:\/\/schema.org","@graph":[{"@type":"WebPage","@id":"https:\/\/tikkuparkki.fi\/yhteystiedot\/","url":"https:\/\/tikkuparkki.fi\/yhteystiedot\/","name":"Tikkuparkki contact","isPartOf":{"@id":"https:\/\/tikkuparkki.fi\/#website"},"primaryImageOfPage":{"@id":"https:\/\/tikkuparkki.fi\/yhteystiedot\/#primaryimage"},"image":{"@id":"https:\/\/tikkuparkki.fi\/yhteystiedot\/#primaryimage"},"thumbnailUrl":"https:\/\/tikkuparkki.fi\/wp-content\/uploads\/2019\/12\/Tikkuparkki-ovipuhelin-1024x768.jpg","datePublished":"2019-12-13T15:47:32+00:00","dateModified":"2025-10-03T06:44:56+00:00","breadcrumb":{"@id":"https:\/\/tikkuparkki.fi\/yhteystiedot\/#breadcrumb"},"inLanguage":"en-GB","potentialAction":[{"@type":"ReadAction","target":["https:\/\/tikkuparkki.fi\/yhteystiedot\/"]}]},{"@type":"ImageObject","inLanguage":"en-GB","@id":"https:\/\/tikkuparkki.fi\/yhteystiedot\/#primaryimage","url":"https:\/\/tikkuparkki.fi\/wp-content\/uploads\/2019\/12\/Tikkuparkki-ovipuhelin-1024x768.jpg","contentUrl":"https:\/\/tikkuparkki.fi\/wp-content\/uploads\/2019\/12\/Tikkuparkki-ovipuhelin-1024x768.jpg"},{"@type":"BreadcrumbList","@id":"https:\/\/tikkuparkki.fi\/yhteystiedot\/#breadcrumb","itemListElement":[{"@type":"ListItem","position":1,"name":"Home","item":"https:\/\/tikkuparkki.fi\/"},{"@type":"ListItem","position":2,"name":"Yhteystiedot"}]},{"@type":"WebSite","@id":"https:\/\/tikkuparkki.fi\/#website","url":"https:\/\/tikkuparkki.fi\/","name":"Tikkuparkki's parking intructions","description":"","publisher":{"@id":"https:\/\/tikkuparkki.fi\/#organization"},"potentialAction":[{"@type":"SearchAction","target":{"@type":"EntryPoint","urlTemplate":"https:\/\/tikkuparkki.fi\/?s={search_term_string}"},"query-input":{"@type":"PropertyValueSpecification","valueRequired":true,"valueName":"search_term_string"}}],"inLanguage":"en-GB"},{"@type":"Organization","@id":"https:\/\/tikkuparkki.fi\/#organization","name":"Tikkuparkki's parking intructions","url":"https:\/\/tikkuparkki.fi\/","logo":{"@type":"ImageObject","inLanguage":"en-GB","@id":"https:\/\/tikkuparkki.fi\/#\/schema\/logo\/image\/","url":"https:\/\/tikkuparkki.fi\/wp-content\/uploads\/2019\/12\/Tikkuparkki-logo.svg","contentUrl":"https:\/\/tikkuparkki.fi\/wp-content\/uploads\/2019\/12\/Tikkuparkki-logo.svg","width":112,"height":49,"caption":"Tikkuparkki"},"image":{"@id":"https:\/\/tikkuparkki.fi\/#\/schema\/logo\/image\/"}}]}},"_links":{"self":[{"href":"https:\/\/tikkuparkki.fi\/en\/wp-json\/wp\/v2\/pages\/211","targetHints":{"allow":["GET"]}}],"collection":[{"href":"https:\/\/tikkuparkki.fi\/en\/wp-json\/wp\/v2\/pages"}],"about":[{"href":"https:\/\/tikkuparkki.fi\/en\/wp-json\/wp\/v2\/types\/page"}],"author":[{"embeddable":true,"href":"https:\/\/tikkuparkki.fi\/en\/wp-json\/wp\/v2\/users\/4"}],"replies":[{"embeddable":true,"href":"https:\/\/tikkuparkki.fi\/en\/wp-json\/wp\/v2\/comments?post=211"}],"version-history":[{"count":42,"href":"https:\/\/tikkuparkki.fi\/en\/wp-json\/wp\/v2\/pages\/211\/revisions"}],"predecessor-version":[{"id":1362,"href":"https:\/\/tikkuparkki.fi\/en\/wp-json\/wp\/v2\/pages\/211\/revisions\/1362"}],"wp:attachment":[{"href":"https:\/\/tikkuparkki.fi\/en\/wp-json\/wp\/v2\/media?parent=211"}],"curies":[{"name":"wp","href":"https:\/\/api.w.org\/{rel}","templated":true}]}}