{"id":204,"date":"2019-12-13T15:45:52","date_gmt":"2019-12-13T15:45:52","guid":{"rendered":"https:\/\/tikkuparkki.fi\/?page_id=204"},"modified":"2023-11-02T06:05:02","modified_gmt":"2023-11-02T06:05:02","slug":"pysakointi-info","status":"publish","type":"page","link":"https:\/\/tikkuparkki.fi\/en\/parking-info\/","title":{"rendered":"Parking-info"},"content":{"rendered":"\t\t<div data-elementor-type=\"wp-page\" data-elementor-id=\"204\" class=\"elementor elementor-204\" data-elementor-post-type=\"page\">\n\t\t\t\t\t\t<section class=\"elementor-section elementor-top-section elementor-element elementor-element-4da3647 elementor-section-height-min-height elementor-section-boxed elementor-section-height-default elementor-section-items-middle\" data-id=\"4da3647\" data-element_type=\"section\" data-e-type=\"section\" data-settings=\"{&quot;background_background&quot;:&quot;gradient&quot;}\">\n\t\t\t\t\t\t\t<div class=\"elementor-background-overlay\"><\/div>\n\t\t\t\t\t\t\t<div class=\"elementor-container elementor-column-gap-default\">\n\t\t\t\t\t<div class=\"elementor-column elementor-col-100 elementor-top-column elementor-element elementor-element-8f4044d\" data-id=\"8f4044d\" data-element_type=\"column\" data-e-type=\"column\">\n\t\t\t<div class=\"elementor-widget-wrap elementor-element-populated\">\n\t\t\t\t\t\t<div class=\"elementor-element elementor-element-108bb1a elementor-invisible elementor-widget elementor-widget-text-editor\" data-id=\"108bb1a\" data-element_type=\"widget\" data-e-type=\"widget\" data-settings=\"{&quot;motion_fx_motion_fx_scrolling&quot;:&quot;yes&quot;,&quot;motion_fx_translateY_effect&quot;:&quot;yes&quot;,&quot;motion_fx_translateY_direction&quot;:&quot;negative&quot;,&quot;motion_fx_translateY_speed&quot;:{&quot;unit&quot;:&quot;px&quot;,&quot;size&quot;:2,&quot;sizes&quot;:[]},&quot;_animation&quot;:&quot;fadeIn&quot;,&quot;motion_fx_translateY_affectedRange&quot;:{&quot;unit&quot;:&quot;%&quot;,&quot;size&quot;:&quot;&quot;,&quot;sizes&quot;:{&quot;start&quot;:0,&quot;end&quot;:100}},&quot;motion_fx_devices&quot;:[&quot;desktop&quot;,&quot;laptop&quot;,&quot;tablet&quot;,&quot;mobile&quot;]}\" data-widget_type=\"text-editor.default\">\n\t\t\t\t<div class=\"elementor-widget-container\">\n\t\t\t\t\t\t\t\t\t<h1 style=\"font-weight: 900;\">Pys\u00e4&shy;k\u00f6inti-info<\/h1>\t\t\t\t\t\t\t\t<\/div>\n\t\t\t\t<\/div>\n\t\t\t\t\t<\/div>\n\t\t<\/div>\n\t\t\t\t\t<\/div>\n\t\t<\/section>\n\t\t\t\t<section class=\"elementor-section elementor-top-section elementor-element elementor-element-3522236 elementor-section-boxed elementor-section-height-default elementor-section-height-default\" data-id=\"3522236\" data-element_type=\"section\" data-e-type=\"section\">\n\t\t\t\t\t\t<div class=\"elementor-container elementor-column-gap-default\">\n\t\t\t\t\t<div class=\"elementor-column elementor-col-100 elementor-top-column elementor-element elementor-element-4b1f2ee\" data-id=\"4b1f2ee\" data-element_type=\"column\" data-e-type=\"column\">\n\t\t\t<div class=\"elementor-widget-wrap elementor-element-populated\">\n\t\t\t\t\t\t<div class=\"elementor-element elementor-element-dfc99b2 elementor-widget elementor-widget-text-editor\" data-id=\"dfc99b2\" data-element_type=\"widget\" data-e-type=\"widget\" data-widget_type=\"text-editor.default\">\n\t\t\t\t<div class=\"elementor-widget-container\">\n\t\t\t\t\t\t\t\t\t<p>Vantaan Tikkurilassa on voimassa yleinen pys\u00e4k\u00f6intikieltoalue.<\/p><p>Tikkuparkki tarjoaa helppoa ja nopeaa l\u00e4mmint\u00e4 pys\u00e4k\u00f6intitilaa aivan Tikkurilan palveluiden vieress\u00e4.<\/p>\t\t\t\t\t\t\t\t<\/div>\n\t\t\t\t<\/div>\n\t\t\t\t\t<\/div>\n\t\t<\/div>\n\t\t\t\t\t<\/div>\n\t\t<\/section>\n\t\t\t\t<section class=\"elementor-section elementor-top-section elementor-element elementor-element-7ad35e1 elementor-section-boxed elementor-section-height-default elementor-section-height-default\" data-id=\"7ad35e1\" data-element_type=\"section\" data-e-type=\"section\">\n\t\t\t\t\t\t<div class=\"elementor-container elementor-column-gap-default\">\n\t\t\t\t\t<div class=\"elementor-column elementor-col-100 elementor-top-column elementor-element elementor-element-d3166ff\" data-id=\"d3166ff\" data-element_type=\"column\" data-e-type=\"column\">\n\t\t\t<div class=\"elementor-widget-wrap elementor-element-populated\">\n\t\t\t\t\t\t<div class=\"elementor-element elementor-element-b7c65a5 elementor-widget elementor-widget-heading\" data-id=\"b7c65a5\" data-element_type=\"widget\" data-e-type=\"widget\" data-widget_type=\"heading.default\">\n\t\t\t\t<div class=\"elementor-widget-container\">\n\t\t\t\t\t<h2 class=\"elementor-heading-title elementor-size-default\">Pys\u00e4k\u00f6intihallin aukiolo<\/h2>\t\t\t\t<\/div>\n\t\t\t\t<\/div>\n\t\t\t\t<section class=\"elementor-section elementor-inner-section elementor-element elementor-element-fa7cf6b elementor-section-boxed elementor-section-height-default elementor-section-height-default\" data-id=\"fa7cf6b\" data-element_type=\"section\" data-e-type=\"section\">\n\t\t\t\t\t\t<div class=\"elementor-container elementor-column-gap-default\">\n\t\t\t\t\t<div class=\"elementor-column elementor-col-50 elementor-inner-column elementor-element elementor-element-eb363ac\" data-id=\"eb363ac\" data-element_type=\"column\" data-e-type=\"column\">\n\t\t\t<div class=\"elementor-widget-wrap elementor-element-populated\">\n\t\t\t\t\t\t<div class=\"elementor-element elementor-element-84923c8 elementor-widget elementor-widget-text-editor\" data-id=\"84923c8\" data-element_type=\"widget\" data-e-type=\"widget\" data-widget_type=\"text-editor.default\">\n\t\t\t\t<div class=\"elementor-widget-container\">\n\t\t\t\t\t\t\t\t\t<p><strong>Pys\u00e4k\u00f6intihallissa voidaan pys\u00e4k\u00f6id\u00e4 normaalisti hallin aukioloaikoina.<\/strong><\/p><table><tbody><tr><td>ma-pe<\/td><td>7.00 &#8211; 18.00<\/td><td>2,00 euroa\/tunti<\/td><\/tr><tr><td>ma-pe<\/td><td>18.00 &#8211; 24.00<\/td><td>1,00 euroa\/tunti<\/td><\/tr><tr><td>ma-pe<\/td><td>24.00 &#8211; 7.00<\/td><td>0,50 euroa\/tunti<\/td><\/tr><tr><td>la-su<\/td><td>7.00 \u2013 24.00<\/td><td>0,50 euroa\/tunti<\/td><\/tr><tr><td>la-su<\/td><td>24.00 \u2013 7.00<\/td><td>0,50 euroa\/tunti<\/td><\/tr><\/tbody><\/table>\t\t\t\t\t\t\t\t<\/div>\n\t\t\t\t<\/div>\n\t\t\t\t<div class=\"elementor-element elementor-element-427dd1d elementor-hidden-phone elementor-widget elementor-widget-text-editor\" data-id=\"427dd1d\" data-element_type=\"widget\" data-e-type=\"widget\" data-widget_type=\"text-editor.default\">\n\t\t\t\t<div class=\"elementor-widget-container\">\n\t\t\t\t\t\t\t\t\t<p>Maksamalla etuk\u00e4teen vuorokausipys\u00e4k\u00f6innin, on pys\u00e4k\u00f6inti edullisempaa.<\/p><p><strong>Vuorokausipys\u00e4k\u00f6innin taksat ovat<\/strong><\/p><table><tbody><tr><td>1 vrk<\/td><td>24 \u20ac<\/td><\/tr><tr><td>3 vrk<\/td><td>49 \u20ac<\/td><\/tr><tr><td>Viikko<\/td><td>79 \u20ac<\/td><\/tr><\/tbody><\/table><p>Kaikki hinnat sis\u00e4lt\u00e4v\u00e4t ALV 24 %<\/p><p>Hintoihin lis\u00e4t\u00e4\u00e4n mobiilipys\u00e4k\u00f6innin tapahtumamaksu.<\/p>\t\t\t\t\t\t\t\t<\/div>\n\t\t\t\t<\/div>\n\t\t\t\t\t<\/div>\n\t\t<\/div>\n\t\t\t\t<div class=\"elementor-column elementor-col-50 elementor-inner-column elementor-element elementor-element-e066b9e\" data-id=\"e066b9e\" data-element_type=\"column\" data-e-type=\"column\">\n\t\t\t<div class=\"elementor-widget-wrap elementor-element-populated\">\n\t\t\t\t\t\t<div class=\"elementor-element elementor-element-04f01f1 elementor-widget elementor-widget-heading\" data-id=\"04f01f1\" data-element_type=\"widget\" data-e-type=\"widget\" data-widget_type=\"heading.default\">\n\t\t\t\t<div class=\"elementor-widget-container\">\n\t\t\t\t\t<h2 class=\"elementor-heading-title elementor-size-default\">Pys\u00e4k\u00f6intisovellukset<\/h2>\t\t\t\t<\/div>\n\t\t\t\t<\/div>\n\t\t\t\t<div class=\"elementor-element elementor-element-bbea9a0 elementor-widget elementor-widget-text-editor\" data-id=\"bbea9a0\" data-element_type=\"widget\" data-e-type=\"widget\" data-widget_type=\"text-editor.default\">\n\t\t\t\t<div class=\"elementor-widget-container\">\n\t\t\t\t\t\t\t\t\t<p>Tikkuparkissa lyhytaikaisen pys\u00e4k\u00f6innin pys\u00e4k\u00f6intioikeus maksetaan VAIN <strong>ParkMan- tai EasyPark- pys\u00e4k\u00f6intisovelluksella.<\/strong><\/p><p>Sovellukset eli \u201dappsit\u201d kannattaa ladata \u00e4lypuhelimeen etuk\u00e4teen iOS- ja Android-sovelluskaupoista (AppStore ja (Google Store \/ Google Play Kauppa) osoitteessa <a href=\"http:\/\/play.google.com\/store\">play.google.com\/store<\/a>.<\/p>\t\t\t\t\t\t\t\t<\/div>\n\t\t\t\t<\/div>\n\t\t\t\t<div class=\"elementor-element elementor-element-c8b3e09 elementor-widget elementor-widget-text-editor\" data-id=\"c8b3e09\" data-element_type=\"widget\" data-e-type=\"widget\" data-widget_type=\"text-editor.default\">\n\t\t\t\t<div class=\"elementor-widget-container\">\n\t\t\t\t\t\t\t\t\t<p><strong>Ohje:<\/strong><\/p><p>Sovelluksiin luodaan oma k\u00e4ytt\u00e4j\u00e4tili ja sy\u00f6tet\u00e4\u00e4n veloitettavan pankki- tai luottokortin tiedot sek\u00e4 auton rekisterinumero. Pys\u00e4k\u00f6innin hinta m\u00e4\u00e4r\u00e4ytyy k\u00e4ytt\u00e4m\u00e4si ajan mukaan. Veloitus tapahtuu maksukortiltasi.<\/p><p>Voit ladata sovellukset Play- ja ikaupasta.<br \/><br \/><\/p>\t\t\t\t\t\t\t\t<\/div>\n\t\t\t\t<\/div>\n\t\t\t\t<div class=\"elementor-element elementor-element-403c7d6 elementor-widget__width-auto elementor-align-center elementor-widget elementor-widget-button\" data-id=\"403c7d6\" data-element_type=\"widget\" data-e-type=\"widget\" data-widget_type=\"button.default\">\n\t\t\t\t<div class=\"elementor-widget-container\">\n\t\t\t\t\t\t\t\t\t<div class=\"elementor-button-wrapper\">\n\t\t\t\t\t<a class=\"elementor-button elementor-button-link elementor-size-md\" href=\"https:\/\/play.google.com\/store\/apps\/details?id=com.neligrate.parkman&#038;hl=fi\">\n\t\t\t\t\t\t<span class=\"elementor-button-content-wrapper\">\n\t\t\t\t\t\t\t\t\t<span class=\"elementor-button-text\">ParkMan (Android)<\/span>\n\t\t\t\t\t<\/span>\n\t\t\t\t\t<\/a>\n\t\t\t\t<\/div>\n\t\t\t\t\t\t\t\t<\/div>\n\t\t\t\t<\/div>\n\t\t\t\t<div class=\"elementor-element elementor-element-8471c45 elementor-widget__width-auto elementor-align-center elementor-widget elementor-widget-button\" data-id=\"8471c45\" data-element_type=\"widget\" data-e-type=\"widget\" data-widget_type=\"button.default\">\n\t\t\t\t<div class=\"elementor-widget-container\">\n\t\t\t\t\t\t\t\t\t<div class=\"elementor-button-wrapper\">\n\t\t\t\t\t<a class=\"elementor-button elementor-button-link elementor-size-md\" href=\"https:\/\/play.google.com\/store\/apps\/details?id=net.easypark.android&#038;hl=fi\">\n\t\t\t\t\t\t<span class=\"elementor-button-content-wrapper\">\n\t\t\t\t\t\t\t\t\t<span class=\"elementor-button-text\">EasyPark (Android)<\/span>\n\t\t\t\t\t<\/span>\n\t\t\t\t\t<\/a>\n\t\t\t\t<\/div>\n\t\t\t\t\t\t\t\t<\/div>\n\t\t\t\t<\/div>\n\t\t\t\t<div class=\"elementor-element elementor-element-42604e0 elementor-widget__width-auto elementor-align-center elementor-widget elementor-widget-button\" data-id=\"42604e0\" data-element_type=\"widget\" data-e-type=\"widget\" data-widget_type=\"button.default\">\n\t\t\t\t<div class=\"elementor-widget-container\">\n\t\t\t\t\t\t\t\t\t<div class=\"elementor-button-wrapper\">\n\t\t\t\t\t<a class=\"elementor-button elementor-button-link elementor-size-md\" href=\"https:\/\/apps.apple.com\/fi\/app\/parkman\/id505190698\">\n\t\t\t\t\t\t<span class=\"elementor-button-content-wrapper\">\n\t\t\t\t\t\t\t\t\t<span class=\"elementor-button-text\">ParkMan (IOS)<\/span>\n\t\t\t\t\t<\/span>\n\t\t\t\t\t<\/a>\n\t\t\t\t<\/div>\n\t\t\t\t\t\t\t\t<\/div>\n\t\t\t\t<\/div>\n\t\t\t\t<div class=\"elementor-element elementor-element-acea176 elementor-widget__width-auto elementor-align-center elementor-widget elementor-widget-button\" data-id=\"acea176\" data-element_type=\"widget\" data-e-type=\"widget\" data-widget_type=\"button.default\">\n\t\t\t\t<div class=\"elementor-widget-container\">\n\t\t\t\t\t\t\t\t\t<div class=\"elementor-button-wrapper\">\n\t\t\t\t\t<a class=\"elementor-button elementor-button-link elementor-size-md\" href=\"https:\/\/apps.apple.com\/fi\/app\/easypark-easy-mobile-parking\/id449594317\">\n\t\t\t\t\t\t<span class=\"elementor-button-content-wrapper\">\n\t\t\t\t\t\t\t\t\t<span class=\"elementor-button-text\">Easypark (IOS)<\/span>\n\t\t\t\t\t<\/span>\n\t\t\t\t\t<\/a>\n\t\t\t\t<\/div>\n\t\t\t\t\t\t\t\t<\/div>\n\t\t\t\t<\/div>\n\t\t\t\t\t<\/div>\n\t\t<\/div>\n\t\t\t\t\t<\/div>\n\t\t<\/section>\n\t\t\t\t<section class=\"elementor-section elementor-inner-section elementor-element elementor-element-303e5c4 elementor-section-boxed elementor-section-height-default elementor-section-height-default\" data-id=\"303e5c4\" data-element_type=\"section\" data-e-type=\"section\">\n\t\t\t\t\t\t<div class=\"elementor-container elementor-column-gap-default\">\n\t\t\t\t\t<div class=\"elementor-column elementor-col-100 elementor-inner-column elementor-element elementor-element-b21774b\" data-id=\"b21774b\" data-element_type=\"column\" data-e-type=\"column\">\n\t\t\t<div class=\"elementor-widget-wrap elementor-element-populated\">\n\t\t\t\t\t\t<div class=\"elementor-element elementor-element-07bf6ef elementor-widget elementor-widget-heading\" data-id=\"07bf6ef\" data-element_type=\"widget\" data-e-type=\"widget\" data-widget_type=\"heading.default\">\n\t\t\t\t<div class=\"elementor-widget-container\">\n\t\t\t\t\t<h2 class=\"elementor-heading-title elementor-size-default\">Tietoa pys\u00e4k\u00f6intij\u00e4rjestelm\u00e4st\u00e4<\/h2>\t\t\t\t<\/div>\n\t\t\t\t<\/div>\n\t\t\t\t<div class=\"elementor-element elementor-element-36a93b1 elementor-widget elementor-widget-text-editor\" data-id=\"36a93b1\" data-element_type=\"widget\" data-e-type=\"widget\" data-widget_type=\"text-editor.default\">\n\t\t\t\t<div class=\"elementor-widget-container\">\n\t\t\t\t\t\t\t\t\t<p>Kun ajoneuvon kuljettaja ajaa pys\u00e4k\u00f6intitalon sis\u00e4\u00e4najoluiskalle nosto-oven eteen, j\u00e4rjestelm\u00e4 tunnistaa sopimusasiakkaan ajoneuvorekisterin perusteella ja avaa nosto-oven. Vastaavasti pys\u00e4k\u00f6intitalosta ulos ajettaessa kamera tunnistaa ajoneuvon ja kirjaa ajoneuvon poistumisen j\u00e4rjestelm\u00e4\u00e4n.<\/p><p>Mik\u00e4li autoilija on ajanut pys\u00e4k\u00f6intitaloon vahingossa eik\u00e4 h\u00e4nell\u00e4 ole tarkoitusta pys\u00e4k\u00f6id\u00e4, on h\u00e4nell\u00e4 mahdollisuus ajaa v\u00e4litt\u00f6m\u00e4sti pys\u00e4k\u00f6intihallista pois ilman, ett\u00e4 pys\u00e4k\u00f6innist\u00e4 veloitetaan.<\/p><p>Tikkuparkin pys\u00e4k\u00f6intitaloon on j\u00e4rjestetty pys\u00e4k\u00f6inninvalvonta. Lyhytaikainen pys\u00e4k\u00f6inti tulee suorittaa sovelluksella ja maksun suorittamatta j\u00e4tt\u00e4minen voi johtaa pys\u00e4k\u00f6intivirhemaksuun. Lyhytaikaisessa pys\u00e4k\u00f6inniss\u00e4 sovellusta k\u00e4ytett\u00e4ess\u00e4 veloitus pys\u00e4k\u00f6innist\u00e4 suoritetaan toteutuneen pys\u00e4k\u00f6intiajan mukaan. Asiakas on kuitenkin velvollinen varmistamaan, ett\u00e4 veloitettava aika on p\u00e4\u00e4ttynyt pys\u00e4k\u00f6intihallista poistumisen j\u00e4lkeen.<\/p>\t\t\t\t\t\t\t\t<\/div>\n\t\t\t\t<\/div>\n\t\t\t\t\t<\/div>\n\t\t<\/div>\n\t\t\t\t\t<\/div>\n\t\t<\/section>\n\t\t\t\t\t<\/div>\n\t\t<\/div>\n\t\t\t\t\t<\/div>\n\t\t<\/section>\n\t\t\t\t<section class=\"elementor-section elementor-top-section elementor-element elementor-element-5f1ed6e elementor-section-full_width animated-slow elementor-section-height-default elementor-section-height-default elementor-invisible\" data-id=\"5f1ed6e\" data-element_type=\"section\" data-e-type=\"section\" data-settings=\"{&quot;animation&quot;:&quot;fadeIn&quot;}\">\n\t\t\t\t\t\t<div class=\"elementor-container elementor-column-gap-default\">\n\t\t\t\t\t<div class=\"elementor-column elementor-col-100 elementor-top-column elementor-element elementor-element-13e657c\" data-id=\"13e657c\" data-element_type=\"column\" data-e-type=\"column\">\n\t\t\t<div class=\"elementor-widget-wrap elementor-element-populated\">\n\t\t\t\t\t\t<section class=\"elementor-section elementor-inner-section elementor-element elementor-element-e806774 elementor-section-boxed elementor-section-height-default elementor-section-height-default\" data-id=\"e806774\" data-element_type=\"section\" data-e-type=\"section\">\n\t\t\t\t\t\t<div class=\"elementor-container elementor-column-gap-default\">\n\t\t\t\t\t<div class=\"elementor-column elementor-col-100 elementor-inner-column elementor-element elementor-element-f8f8e20\" data-id=\"f8f8e20\" data-element_type=\"column\" data-e-type=\"column\" data-settings=\"{&quot;background_background&quot;:&quot;classic&quot;}\">\n\t\t\t<div class=\"elementor-widget-wrap elementor-element-populated\">\n\t\t\t\t\t\t<div class=\"elementor-element elementor-element-c90eedb elementor-widget elementor-widget-heading\" data-id=\"c90eedb\" data-element_type=\"widget\" data-e-type=\"widget\" data-widget_type=\"heading.default\">\n\t\t\t\t<div class=\"elementor-widget-container\">\n\t\t\t\t\t<h2 class=\"elementor-heading-title elementor-size-default\">Pys\u00e4k\u00f6intitalon kameravalvonta<\/h2>\t\t\t\t<\/div>\n\t\t\t\t<\/div>\n\t\t\t\t<div class=\"elementor-element elementor-element-3f509a1 elementor-widget elementor-widget-text-editor\" data-id=\"3f509a1\" data-element_type=\"widget\" data-e-type=\"widget\" data-widget_type=\"text-editor.default\">\n\t\t\t\t<div class=\"elementor-widget-container\">\n\t\t\t\t\t\t\t\t\t<p>Tikkuparkin kameravalvonnan tarkoituksena on omaisuuden suojaus, rikosten ennaltaehk\u00e4isy, rikosten selvitt\u00e4minen, henkil\u00f6kunnan ja asiakkaiden turvallisuuden varmistus. Rekisterinpit\u00e4j\u00e4n\u00e4 toimii Tikkuparkki Oy.<\/p>\t\t\t\t\t\t\t\t<\/div>\n\t\t\t\t<\/div>\n\t\t\t\t<div class=\"elementor-element elementor-element-3102418 elementor-align-center elementor-widget elementor-widget-button\" data-id=\"3102418\" data-element_type=\"widget\" data-e-type=\"widget\" data-widget_type=\"button.default\">\n\t\t\t\t<div class=\"elementor-widget-container\">\n\t\t\t\t\t\t\t\t\t<div class=\"elementor-button-wrapper\">\n\t\t\t\t\t<a class=\"elementor-button elementor-button-link elementor-size-md\" href=\"https:\/\/tikkuparkki.fi\/yhteystiedot\/\">\n\t\t\t\t\t\t<span class=\"elementor-button-content-wrapper\">\n\t\t\t\t\t\t\t\t\t<span class=\"elementor-button-text\">Ota yhteytt\u00e4<\/span>\n\t\t\t\t\t<\/span>\n\t\t\t\t\t<\/a>\n\t\t\t\t<\/div>\n\t\t\t\t\t\t\t\t<\/div>\n\t\t\t\t<\/div>\n\t\t\t\t\t<\/div>\n\t\t<\/div>\n\t\t\t\t\t<\/div>\n\t\t<\/section>\n\t\t\t\t\t<\/div>\n\t\t<\/div>\n\t\t\t\t\t<\/div>\n\t\t<\/section>\n\t\t\t\t<\/div>\n\t\t","protected":false},"excerpt":{"rendered":"<p>Pys\u00e4&shy;k\u00f6inti-info Vantaan Tikkurilassa on voimassa yleinen pys\u00e4k\u00f6intikieltoalue. Tikkuparkki tarjoaa helppoa ja nopeaa l\u00e4mmint\u00e4 pys\u00e4k\u00f6intitilaa aivan Tikkurilan palveluiden vieress\u00e4. Pys\u00e4k\u00f6intihallin aukiolo Pys\u00e4k\u00f6intihallissa voidaan pys\u00e4k\u00f6id\u00e4 normaalisti hallin aukioloaikoina. ma-pe 7.00 &#8211; 18.00 2,00 euroa\/tunti ma-pe 18.00 &#8211; 24.00 1,00 euroa\/tunti ma-pe 24.00 &#8211; 7.00 0,50 euroa\/tunti la-su 7.00 \u2013 24.00 0,50 euroa\/tunti la-su 24.00 \u2013 7.00 0,50 [&hellip;]<\/p>\n","protected":false},"author":4,"featured_media":0,"parent":0,"menu_order":0,"comment_status":"closed","ping_status":"closed","template":"","meta":{"footnotes":""},"class_list":["post-204","page","type-page","status-publish","hentry"],"yoast_head":"<!-- This site is optimized with the Yoast SEO plugin v27.3 - https:\/\/yoast.com\/product\/yoast-seo-wordpress\/ -->\n<title>Pys\u00e4k\u00f6inti-info Tikkuparkki<\/title>\n<meta name=\"description\" content=\"Pys\u00e4k\u00f6intitalossa on my\u00f6s autopesu ja s\u00e4hk\u00f6auton latauspaikka. Katso palvelut ja pys\u00e4k\u00f6intihinnat\" \/>\n<meta name=\"robots\" content=\"index, follow, max-snippet:-1, max-image-preview:large, max-video-preview:-1\" \/>\n<link rel=\"canonical\" href=\"https:\/\/tikkuparkki.fi\/en\/pysakointi-info\/\" \/>\n<meta property=\"og:locale\" content=\"en_GB\" \/>\n<meta property=\"og:type\" content=\"article\" \/>\n<meta property=\"og:title\" content=\"Pys\u00e4k\u00f6inti-info Tikkuparkki\" \/>\n<meta property=\"og:description\" content=\"Pys\u00e4k\u00f6intitalossa on my\u00f6s autopesu ja s\u00e4hk\u00f6auton latauspaikka. Katso palvelut ja pys\u00e4k\u00f6intihinnat\" \/>\n<meta property=\"og:url\" content=\"https:\/\/tikkuparkki.fi\/en\/pysakointi-info\/\" \/>\n<meta property=\"og:site_name\" content=\"Tikkuparkki\" \/>\n<meta property=\"article:modified_time\" content=\"2023-11-02T06:05:02+00:00\" \/>\n<meta property=\"og:image\" content=\"https:\/\/tikkuparkki.fi\/wp-content\/uploads\/2019\/12\/tikkuparkki-sisaankaynti.jpg\" \/>\n\t<meta property=\"og:image:width\" content=\"880\" \/>\n\t<meta property=\"og:image:height\" content=\"581\" \/>\n\t<meta property=\"og:image:type\" content=\"image\/jpeg\" \/>\n<meta name=\"twitter:card\" content=\"summary_large_image\" \/>\n<meta name=\"twitter:label1\" content=\"Estimated reading time\" \/>\n\t<meta name=\"twitter:data1\" content=\"2 minutes\" \/>\n<script type=\"application\/ld+json\" class=\"yoast-schema-graph\">{\"@context\":\"https:\\\/\\\/schema.org\",\"@graph\":[{\"@type\":\"WebPage\",\"@id\":\"https:\\\/\\\/tikkuparkki.fi\\\/pysakointi-info\\\/\",\"url\":\"https:\\\/\\\/tikkuparkki.fi\\\/pysakointi-info\\\/\",\"name\":\"Pys\u00e4k\u00f6inti-info Tikkuparkki\",\"isPartOf\":{\"@id\":\"https:\\\/\\\/tikkuparkki.fi\\\/#website\"},\"datePublished\":\"2019-12-13T15:45:52+00:00\",\"dateModified\":\"2023-11-02T06:05:02+00:00\",\"description\":\"Pys\u00e4k\u00f6intitalossa on my\u00f6s autopesu ja s\u00e4hk\u00f6auton latauspaikka. Katso palvelut ja pys\u00e4k\u00f6intihinnat\",\"breadcrumb\":{\"@id\":\"https:\\\/\\\/tikkuparkki.fi\\\/pysakointi-info\\\/#breadcrumb\"},\"inLanguage\":\"en-GB\",\"potentialAction\":[{\"@type\":\"ReadAction\",\"target\":[\"https:\\\/\\\/tikkuparkki.fi\\\/pysakointi-info\\\/\"]}]},{\"@type\":\"BreadcrumbList\",\"@id\":\"https:\\\/\\\/tikkuparkki.fi\\\/pysakointi-info\\\/#breadcrumb\",\"itemListElement\":[{\"@type\":\"ListItem\",\"position\":1,\"name\":\"Home\",\"item\":\"https:\\\/\\\/tikkuparkki.fi\\\/\"},{\"@type\":\"ListItem\",\"position\":2,\"name\":\"Pys\u00e4k\u00f6inti-info\"}]},{\"@type\":\"WebSite\",\"@id\":\"https:\\\/\\\/tikkuparkki.fi\\\/#website\",\"url\":\"https:\\\/\\\/tikkuparkki.fi\\\/\",\"name\":\"Tikkuparkki\",\"description\":\"\",\"publisher\":{\"@id\":\"https:\\\/\\\/tikkuparkki.fi\\\/#organization\"},\"potentialAction\":[{\"@type\":\"SearchAction\",\"target\":{\"@type\":\"EntryPoint\",\"urlTemplate\":\"https:\\\/\\\/tikkuparkki.fi\\\/?s={search_term_string}\"},\"query-input\":{\"@type\":\"PropertyValueSpecification\",\"valueRequired\":true,\"valueName\":\"search_term_string\"}}],\"inLanguage\":\"en-GB\"},{\"@type\":\"Organization\",\"@id\":\"https:\\\/\\\/tikkuparkki.fi\\\/#organization\",\"name\":\"Tikkuparkki\",\"url\":\"https:\\\/\\\/tikkuparkki.fi\\\/\",\"logo\":{\"@type\":\"ImageObject\",\"inLanguage\":\"en-GB\",\"@id\":\"https:\\\/\\\/tikkuparkki.fi\\\/#\\\/schema\\\/logo\\\/image\\\/\",\"url\":\"https:\\\/\\\/tikkuparkki.fi\\\/wp-content\\\/uploads\\\/2019\\\/12\\\/Tikkuparkki-logo.svg\",\"contentUrl\":\"https:\\\/\\\/tikkuparkki.fi\\\/wp-content\\\/uploads\\\/2019\\\/12\\\/Tikkuparkki-logo.svg\",\"width\":112,\"height\":49,\"caption\":\"Tikkuparkki\"},\"image\":{\"@id\":\"https:\\\/\\\/tikkuparkki.fi\\\/#\\\/schema\\\/logo\\\/image\\\/\"}}]}<\/script>\n<!-- \/ Yoast SEO plugin. -->","yoast_head_json":{"title":"Parking-info Tikkuparkki","description":"Pys\u00e4k\u00f6intitalossa on my\u00f6s autopesu ja s\u00e4hk\u00f6auton latauspaikka. Katso palvelut ja pys\u00e4k\u00f6intihinnat","robots":{"index":"index","follow":"follow","max-snippet":"max-snippet:-1","max-image-preview":"max-image-preview:large","max-video-preview":"max-video-preview:-1"},"canonical":"https:\/\/tikkuparkki.fi\/en\/pysakointi-info\/","og_locale":"en_GB","og_type":"article","og_title":"Pys\u00e4k\u00f6inti-info Tikkuparkki","og_description":"Pys\u00e4k\u00f6intitalossa on my\u00f6s autopesu ja s\u00e4hk\u00f6auton latauspaikka. Katso palvelut ja pys\u00e4k\u00f6intihinnat","og_url":"https:\/\/tikkuparkki.fi\/en\/pysakointi-info\/","og_site_name":"Tikkuparkki","article_modified_time":"2023-11-02T06:05:02+00:00","og_image":[{"width":880,"height":581,"url":"https:\/\/tikkuparkki.fi\/wp-content\/uploads\/2019\/12\/tikkuparkki-sisaankaynti.jpg","type":"image\/jpeg"}],"twitter_card":"summary_large_image","twitter_misc":{"Estimated reading time":"2 minutes"},"schema":{"@context":"https:\/\/schema.org","@graph":[{"@type":"WebPage","@id":"https:\/\/tikkuparkki.fi\/pysakointi-info\/","url":"https:\/\/tikkuparkki.fi\/pysakointi-info\/","name":"Parking-info Tikkuparkki","isPartOf":{"@id":"https:\/\/tikkuparkki.fi\/#website"},"datePublished":"2019-12-13T15:45:52+00:00","dateModified":"2023-11-02T06:05:02+00:00","description":"Pys\u00e4k\u00f6intitalossa on my\u00f6s autopesu ja s\u00e4hk\u00f6auton latauspaikka. Katso palvelut ja pys\u00e4k\u00f6intihinnat","breadcrumb":{"@id":"https:\/\/tikkuparkki.fi\/pysakointi-info\/#breadcrumb"},"inLanguage":"en-GB","potentialAction":[{"@type":"ReadAction","target":["https:\/\/tikkuparkki.fi\/pysakointi-info\/"]}]},{"@type":"BreadcrumbList","@id":"https:\/\/tikkuparkki.fi\/pysakointi-info\/#breadcrumb","itemListElement":[{"@type":"ListItem","position":1,"name":"Home","item":"https:\/\/tikkuparkki.fi\/"},{"@type":"ListItem","position":2,"name":"Pys\u00e4k\u00f6inti-info"}]},{"@type":"WebSite","@id":"https:\/\/tikkuparkki.fi\/#website","url":"https:\/\/tikkuparkki.fi\/","name":"Tikkuparkki's parking intructions","description":"","publisher":{"@id":"https:\/\/tikkuparkki.fi\/#organization"},"potentialAction":[{"@type":"SearchAction","target":{"@type":"EntryPoint","urlTemplate":"https:\/\/tikkuparkki.fi\/?s={search_term_string}"},"query-input":{"@type":"PropertyValueSpecification","valueRequired":true,"valueName":"search_term_string"}}],"inLanguage":"en-GB"},{"@type":"Organization","@id":"https:\/\/tikkuparkki.fi\/#organization","name":"Tikkuparkki's parking intructions","url":"https:\/\/tikkuparkki.fi\/","logo":{"@type":"ImageObject","inLanguage":"en-GB","@id":"https:\/\/tikkuparkki.fi\/#\/schema\/logo\/image\/","url":"https:\/\/tikkuparkki.fi\/wp-content\/uploads\/2019\/12\/Tikkuparkki-logo.svg","contentUrl":"https:\/\/tikkuparkki.fi\/wp-content\/uploads\/2019\/12\/Tikkuparkki-logo.svg","width":112,"height":49,"caption":"Tikkuparkki"},"image":{"@id":"https:\/\/tikkuparkki.fi\/#\/schema\/logo\/image\/"}}]}},"_links":{"self":[{"href":"https:\/\/tikkuparkki.fi\/en\/wp-json\/wp\/v2\/pages\/204","targetHints":{"allow":["GET"]}}],"collection":[{"href":"https:\/\/tikkuparkki.fi\/en\/wp-json\/wp\/v2\/pages"}],"about":[{"href":"https:\/\/tikkuparkki.fi\/en\/wp-json\/wp\/v2\/types\/page"}],"author":[{"embeddable":true,"href":"https:\/\/tikkuparkki.fi\/en\/wp-json\/wp\/v2\/users\/4"}],"replies":[{"embeddable":true,"href":"https:\/\/tikkuparkki.fi\/en\/wp-json\/wp\/v2\/comments?post=204"}],"version-history":[{"count":30,"href":"https:\/\/tikkuparkki.fi\/en\/wp-json\/wp\/v2\/pages\/204\/revisions"}],"predecessor-version":[{"id":1141,"href":"https:\/\/tikkuparkki.fi\/en\/wp-json\/wp\/v2\/pages\/204\/revisions\/1141"}],"wp:attachment":[{"href":"https:\/\/tikkuparkki.fi\/en\/wp-json\/wp\/v2\/media?parent=204"}],"curies":[{"name":"wp","href":"https:\/\/api.w.org\/{rel}","templated":true}]}}